{"id":781,"date":"2025-02-08T15:48:59","date_gmt":"2025-02-08T15:48:59","guid":{"rendered":"https:\/\/taximirko.ch\/?page_id=781"},"modified":"2026-04-26T11:26:13","modified_gmt":"2026-04-26T11:26:13","slug":"taxifahrten","status":"publish","type":"page","link":"https:\/\/taximirko.ch\/?page_id=781","title":{"rendered":"Taxifahrten"},"content":{"rendered":"\t\t<div data-elementor-type=\"wp-page\" data-elementor-id=\"781\" class=\"elementor elementor-781\" data-elementor-post-type=\"page\">\n\t\t\t\t\t\t<section class=\"elementor-section elementor-top-section elementor-element elementor-element-53dde02f elementor-section-boxed elementor-section-height-default elementor-section-height-default\" data-id=\"53dde02f\" data-element_type=\"section\" data-e-type=\"section\" id=\"Ueber-uns\" data-settings=\"{&quot;background_background&quot;:&quot;classic&quot;}\">\n\t\t\t\t\t\t<div class=\"elementor-container elementor-column-gap-no\">\n\t\t\t\t\t<div class=\"elementor-column elementor-col-100 elementor-top-column elementor-element elementor-element-2fe67a1d\" data-id=\"2fe67a1d\" data-element_type=\"column\" data-e-type=\"column\">\n\t\t\t<div class=\"elementor-widget-wrap elementor-element-populated\">\n\t\t\t\t\t\t<div class=\"elementor-element elementor-element-28c79fdc elementor-widget elementor-widget-text-editor\" data-id=\"28c79fdc\" data-element_type=\"widget\" data-e-type=\"widget\" data-widget_type=\"text-editor.default\">\n\t\t\t\t<div class=\"elementor-widget-container\">\n\t\t\t\t\t\t\t\t\t<p>Taxifahrten mit Mirko Assenov Transport &amp; Transfer stehen f\u00fcr eine zuverl\u00e4ssige, sichere und komfortable Personenbef\u00f6rderung im Alltag. Ganz gleich, ob es sich um kurze Fahrten innerhalb von Zwingen, regionale Strecken oder l\u00e4ngere Distanzen handelt \u2013 wir sorgen daf\u00fcr, dass Sie jederzeit p\u00fcnktlich und entspannt an Ihrem Ziel ankommen. Unser Anspruch ist es, Ihnen eine stressfreie und angenehme Fahrt zu erm\u00f6glichen, bei der Sie sich zur\u00fccklehnen und den Komfort unserer modernen Fahrzeuge geniessen k\u00f6nnen.<\/p>\t\t\t\t\t\t\t\t<\/div>\n\t\t\t\t<\/div>\n\t\t\t\t\t<\/div>\n\t\t<\/div>\n\t\t\t\t\t<\/div>\n\t\t<\/section>\n\t\t\t\t<section class=\"elementor-section elementor-top-section elementor-element elementor-element-5886d853 elementor-section-content-middle elementor-reverse-tablet elementor-reverse-mobile elementor-section-boxed elementor-section-height-default elementor-section-height-default\" data-id=\"5886d853\" data-element_type=\"section\" data-e-type=\"section\" data-settings=\"{&quot;background_background&quot;:&quot;gradient&quot;}\">\n\t\t\t\t\t\t<div class=\"elementor-container elementor-column-gap-no\">\n\t\t\t\t\t<div class=\"elementor-column elementor-col-50 elementor-top-column elementor-element elementor-element-220e993\" data-id=\"220e993\" data-element_type=\"column\" data-e-type=\"column\">\n\t\t\t<div class=\"elementor-widget-wrap elementor-element-populated\">\n\t\t\t\t\t\t<div class=\"elementor-element elementor-element-7ae56f41 elementor-widget elementor-widget-text-editor\" data-id=\"7ae56f41\" data-element_type=\"widget\" data-e-type=\"widget\" data-widget_type=\"text-editor.default\">\n\t\t\t\t<div class=\"elementor-widget-container\">\n\t\t\t\t\t\t\t\t\t<p>Wir setzen auf einen pers\u00f6nlichen und freundlichen Service, der individuell auf Ihre Bed\u00fcrfnisse abgestimmt ist. Unsere erfahrenen Chauffeure kennen die Region bestens und fahren Sie sicher und effizient zu Ihrem gew\u00fcnschten Ziel. Dabei legen wir grossen Wert auf Professionalit\u00e4t, Diskretion und Zuverl\u00e4ssigkeit, damit Sie sich jederzeit gut aufgehoben f\u00fchlen.<\/p><p>Egal ob spontane Fahrt oder geplante Abholung \u2013 wir sind flexibel f\u00fcr Sie da und passen uns Ihrem Zeitplan an. Unsere Fahrzeuge sind modern, gepflegt und bieten Ihnen h\u00f6chsten Komfort w\u00e4hrend der gesamten Fahrt. So wird jede Taxifahrt zu einem angenehmen und entspannten Erlebnis.<\/p><p>P\u00fcnktlichkeit ist f\u00fcr uns selbstverst\u00e4ndlich, denn wir wissen, wie wichtig Zeit im Alltag ist. Deshalb k\u00f6nnen Sie sich darauf verlassen, dass wir Sie immer rechtzeitig abholen und sicher ans Ziel bringen. Unser Ziel ist es, Ihnen einen Service zu bieten, der nicht nur praktisch, sondern auch angenehm und vertrauensw\u00fcrdig ist.<\/p><p>Mit Mirko Assenov Transport &amp; Transfer entscheiden Sie sich f\u00fcr ein Taxiunternehmen, das Qualit\u00e4t, Zuverl\u00e4ssigkeit und Kundenzufriedenheit in den Mittelpunkt stellt. Wir freuen uns darauf, Sie bald pers\u00f6nlich begr\u00fcssen und fahren zu d\u00fcrfen.<\/p>\t\t\t\t\t\t\t\t<\/div>\n\t\t\t\t<\/div>\n\t\t\t\t<div class=\"elementor-element elementor-element-331fec12 elementor-widget elementor-widget-jkit_button\" data-id=\"331fec12\" data-element_type=\"widget\" data-e-type=\"widget\" data-widget_type=\"jkit_button.default\">\n\t\t\t\t<div class=\"elementor-widget-container\">\n\t\t\t\t\t<div  class=\"jeg-elementor-kit jkit-button  icon-position-before jeg_module___69ef6ce0c47e1\" ><a href=\"#anfrage-senden\" class=\"jkit-button-wrapper\"><i aria-hidden=\"true\" class=\"jki jki-comment2-light\"><\/i>Anfrage senden<\/a><\/div>\t\t\t\t<\/div>\n\t\t\t\t<\/div>\n\t\t\t\t\t<\/div>\n\t\t<\/div>\n\t\t\t\t<div class=\"elementor-column elementor-col-50 elementor-top-column elementor-element elementor-element-2a0f784\" data-id=\"2a0f784\" data-element_type=\"column\" data-e-type=\"column\">\n\t\t\t<div class=\"elementor-widget-wrap elementor-element-populated\">\n\t\t\t\t\t\t<div class=\"elementor-element elementor-element-7a94859 elementor-widget elementor-widget-theme-post-featured-image elementor-widget-image\" data-id=\"7a94859\" data-element_type=\"widget\" data-e-type=\"widget\" data-widget_type=\"theme-post-featured-image.default\">\n\t\t\t\t<div class=\"elementor-widget-container\">\n\t\t\t\t\t\t\t\t\t\t\t\t\t\t\t<img decoding=\"async\" src=\"https:\/\/taximirko.ch\/wp-content\/uploads\/elementor\/thumbs\/Taxi-Mirko-Assenov-Promo-1-rmkh8yko1zvspm2qheyrtuvcmzxq1nozax5lkzbzu0.jpg\" title=\"Taxi Mirko Assenov Promo\" alt=\"Taxi Mirko Assenov Promo\" loading=\"lazy\" \/>\t\t\t\t\t\t\t\t\t\t\t\t\t\t\t<\/div>\n\t\t\t\t<\/div>\n\t\t\t\t\t<\/div>\n\t\t<\/div>\n\t\t\t\t\t<\/div>\n\t\t<\/section>\n\t\t\t\t<\/div>\n\t\t","protected":false},"excerpt":{"rendered":"<p>Taxifahrten mit Mirko Assenov Transport &amp; Transfer stehen f\u00fcr eine zuverl\u00e4ssige, sichere und komfortable Personenbef\u00f6rderung im Alltag. Ganz gleich, ob es sich um kurze Fahrten innerhalb von Zwingen, regionale Strecken oder l\u00e4ngere Distanzen handelt \u2013 wir sorgen daf\u00fcr, dass Sie jederzeit p\u00fcnktlich und entspannt an Ihrem Ziel ankommen. Unser Anspruch ist es, Ihnen eine stressfreie [&hellip;]<\/p>\n","protected":false},"author":1,"featured_media":2093,"parent":0,"menu_order":0,"comment_status":"closed","ping_status":"closed","template":"elementor_header_footer","meta":{"footnotes":""},"class_list":["post-781","page","type-page","status-publish","has-post-thumbnail","hentry"],"yoast_head":"<!-- This site is optimized with the Yoast SEO plugin v27.4 - https:\/\/yoast.com\/product\/yoast-seo-wordpress\/ -->\n<title>Taxifahrten | Taxi Mirko Assenov<\/title>\n<meta name=\"description\" content=\"Gr\u00fcndliche Innenreinigung f\u00fcr ein sauberes und frisches Fahrzeug \u2013 schonend, professionell und mit Liebe zum Detail.\" \/>\n<meta name=\"robots\" content=\"index, follow, max-snippet:-1, max-image-preview:large, max-video-preview:-1\" \/>\n<link rel=\"canonical\" href=\"https:\/\/taximirko.ch\/innenreinigung\/\" \/>\n<meta property=\"og:locale\" content=\"de_DE\" \/>\n<meta property=\"og:type\" content=\"article\" \/>\n<meta property=\"og:title\" content=\"Taxifahrten | Taxi Mirko Assenov\" \/>\n<meta property=\"og:description\" content=\"Gr\u00fcndliche Innenreinigung f\u00fcr ein sauberes und frisches Fahrzeug \u2013 schonend, professionell und mit Liebe zum Detail.\" \/>\n<meta property=\"og:url\" content=\"https:\/\/taximirko.ch\/innenreinigung\/\" \/>\n<meta property=\"og:site_name\" content=\"Taxi Mirko Assenov\" \/>\n<meta property=\"article:modified_time\" content=\"2026-04-26T11:26:13+00:00\" \/>\n<meta property=\"og:image\" content=\"https:\/\/taximirko.ch\/wp-content\/uploads\/2026\/01\/post_15-1280x854-1.jpg\" \/>\n\t<meta property=\"og:image:width\" content=\"1280\" \/>\n\t<meta property=\"og:image:height\" content=\"854\" \/>\n\t<meta property=\"og:image:type\" content=\"image\/jpeg\" \/>\n<meta name=\"twitter:card\" content=\"summary_large_image\" \/>\n<meta name=\"twitter:label1\" content=\"Gesch\u00e4tzte Lesezeit\" \/>\n\t<meta name=\"twitter:data1\" content=\"2\u00a0Minuten\" \/>\n<script type=\"application\/ld+json\" class=\"yoast-schema-graph\">{\"@context\":\"https:\\\/\\\/schema.org\",\"@graph\":[{\"@type\":\"WebPage\",\"@id\":\"https:\\\/\\\/taximirko.ch\\\/innenreinigung\\\/\",\"url\":\"https:\\\/\\\/taximirko.ch\\\/innenreinigung\\\/\",\"name\":\"Taxifahrten | Taxi Mirko Assenov\",\"isPartOf\":{\"@id\":\"https:\\\/\\\/taximirko.ch\\\/#website\"},\"primaryImageOfPage\":{\"@id\":\"https:\\\/\\\/taximirko.ch\\\/innenreinigung\\\/#primaryimage\"},\"image\":{\"@id\":\"https:\\\/\\\/taximirko.ch\\\/innenreinigung\\\/#primaryimage\"},\"thumbnailUrl\":\"https:\\\/\\\/taximirko.ch\\\/wp-content\\\/uploads\\\/2026\\\/04\\\/Taxi-Mirko-Assenov-Promo-1.jpg\",\"datePublished\":\"2025-02-08T15:48:59+00:00\",\"dateModified\":\"2026-04-26T11:26:13+00:00\",\"description\":\"Gr\u00fcndliche Innenreinigung f\u00fcr ein sauberes und frisches Fahrzeug \u2013 schonend, professionell und mit Liebe zum Detail.\",\"breadcrumb\":{\"@id\":\"https:\\\/\\\/taximirko.ch\\\/innenreinigung\\\/#breadcrumb\"},\"inLanguage\":\"de\",\"potentialAction\":[{\"@type\":\"ReadAction\",\"target\":[\"https:\\\/\\\/taximirko.ch\\\/innenreinigung\\\/\"]}]},{\"@type\":\"ImageObject\",\"inLanguage\":\"de\",\"@id\":\"https:\\\/\\\/taximirko.ch\\\/innenreinigung\\\/#primaryimage\",\"url\":\"https:\\\/\\\/taximirko.ch\\\/wp-content\\\/uploads\\\/2026\\\/04\\\/Taxi-Mirko-Assenov-Promo-1.jpg\",\"contentUrl\":\"https:\\\/\\\/taximirko.ch\\\/wp-content\\\/uploads\\\/2026\\\/04\\\/Taxi-Mirko-Assenov-Promo-1.jpg\",\"width\":1800,\"height\":1200},{\"@type\":\"BreadcrumbList\",\"@id\":\"https:\\\/\\\/taximirko.ch\\\/innenreinigung\\\/#breadcrumb\",\"itemListElement\":[{\"@type\":\"ListItem\",\"position\":1,\"name\":\"Startseite\",\"item\":\"https:\\\/\\\/taximirko.ch\\\/\"},{\"@type\":\"ListItem\",\"position\":2,\"name\":\"Innenreinigung\"}]},{\"@type\":\"WebSite\",\"@id\":\"https:\\\/\\\/taximirko.ch\\\/#website\",\"url\":\"https:\\\/\\\/taximirko.ch\\\/\",\"name\":\"Taxi Mirko Assenov\",\"description\":\"Zuverl\u00e4ssiger Chauffeur Service\",\"publisher\":{\"@id\":\"https:\\\/\\\/taximirko.ch\\\/#organization\"},\"alternateName\":\"Taxi Mirko Assenov\",\"potentialAction\":[{\"@type\":\"SearchAction\",\"target\":{\"@type\":\"EntryPoint\",\"urlTemplate\":\"https:\\\/\\\/taximirko.ch\\\/?s={search_term_string}\"},\"query-input\":{\"@type\":\"PropertyValueSpecification\",\"valueRequired\":true,\"valueName\":\"search_term_string\"}}],\"inLanguage\":\"de\"},{\"@type\":\"Organization\",\"@id\":\"https:\\\/\\\/taximirko.ch\\\/#organization\",\"name\":\"Taxi Mirko Assenov\",\"url\":\"https:\\\/\\\/taximirko.ch\\\/\",\"logo\":{\"@type\":\"ImageObject\",\"inLanguage\":\"de\",\"@id\":\"https:\\\/\\\/taximirko.ch\\\/#\\\/schema\\\/logo\\\/image\\\/\",\"url\":\"https:\\\/\\\/taximirko.ch\\\/wp-content\\\/uploads\\\/2026\\\/04\\\/Rectangular-logo.png\",\"contentUrl\":\"https:\\\/\\\/taximirko.ch\\\/wp-content\\\/uploads\\\/2026\\\/04\\\/Rectangular-logo.png\",\"width\":1451,\"height\":1501,\"caption\":\"Taxi Mirko Assenov\"},\"image\":{\"@id\":\"https:\\\/\\\/taximirko.ch\\\/#\\\/schema\\\/logo\\\/image\\\/\"}}]}<\/script>\n<!-- \/ Yoast SEO plugin. -->","yoast_head_json":{"title":"Taxifahrten | Taxi Mirko Assenov","description":"Gr\u00fcndliche Innenreinigung f\u00fcr ein sauberes und frisches Fahrzeug \u2013 schonend, professionell und mit Liebe zum Detail.","robots":{"index":"index","follow":"follow","max-snippet":"max-snippet:-1","max-image-preview":"max-image-preview:large","max-video-preview":"max-video-preview:-1"},"canonical":"https:\/\/taximirko.ch\/innenreinigung\/","og_locale":"de_DE","og_type":"article","og_title":"Taxifahrten | Taxi Mirko Assenov","og_description":"Gr\u00fcndliche Innenreinigung f\u00fcr ein sauberes und frisches Fahrzeug \u2013 schonend, professionell und mit Liebe zum Detail.","og_url":"https:\/\/taximirko.ch\/innenreinigung\/","og_site_name":"Taxi Mirko Assenov","article_modified_time":"2026-04-26T11:26:13+00:00","og_image":[{"width":1280,"height":854,"url":"https:\/\/taximirko.ch\/wp-content\/uploads\/2026\/01\/post_15-1280x854-1.jpg","type":"image\/jpeg"}],"twitter_card":"summary_large_image","twitter_misc":{"Gesch\u00e4tzte Lesezeit":"2\u00a0Minuten"},"schema":{"@context":"https:\/\/schema.org","@graph":[{"@type":"WebPage","@id":"https:\/\/taximirko.ch\/innenreinigung\/","url":"https:\/\/taximirko.ch\/innenreinigung\/","name":"Taxifahrten | Taxi Mirko Assenov","isPartOf":{"@id":"https:\/\/taximirko.ch\/#website"},"primaryImageOfPage":{"@id":"https:\/\/taximirko.ch\/innenreinigung\/#primaryimage"},"image":{"@id":"https:\/\/taximirko.ch\/innenreinigung\/#primaryimage"},"thumbnailUrl":"https:\/\/taximirko.ch\/wp-content\/uploads\/2026\/04\/Taxi-Mirko-Assenov-Promo-1.jpg","datePublished":"2025-02-08T15:48:59+00:00","dateModified":"2026-04-26T11:26:13+00:00","description":"Gr\u00fcndliche Innenreinigung f\u00fcr ein sauberes und frisches Fahrzeug \u2013 schonend, professionell und mit Liebe zum Detail.","breadcrumb":{"@id":"https:\/\/taximirko.ch\/innenreinigung\/#breadcrumb"},"inLanguage":"de","potentialAction":[{"@type":"ReadAction","target":["https:\/\/taximirko.ch\/innenreinigung\/"]}]},{"@type":"ImageObject","inLanguage":"de","@id":"https:\/\/taximirko.ch\/innenreinigung\/#primaryimage","url":"https:\/\/taximirko.ch\/wp-content\/uploads\/2026\/04\/Taxi-Mirko-Assenov-Promo-1.jpg","contentUrl":"https:\/\/taximirko.ch\/wp-content\/uploads\/2026\/04\/Taxi-Mirko-Assenov-Promo-1.jpg","width":1800,"height":1200},{"@type":"BreadcrumbList","@id":"https:\/\/taximirko.ch\/innenreinigung\/#breadcrumb","itemListElement":[{"@type":"ListItem","position":1,"name":"Startseite","item":"https:\/\/taximirko.ch\/"},{"@type":"ListItem","position":2,"name":"Innenreinigung"}]},{"@type":"WebSite","@id":"https:\/\/taximirko.ch\/#website","url":"https:\/\/taximirko.ch\/","name":"Taxi Mirko Assenov","description":"Zuverl\u00e4ssiger Chauffeur Service","publisher":{"@id":"https:\/\/taximirko.ch\/#organization"},"alternateName":"Taxi Mirko Assenov","potentialAction":[{"@type":"SearchAction","target":{"@type":"EntryPoint","urlTemplate":"https:\/\/taximirko.ch\/?s={search_term_string}"},"query-input":{"@type":"PropertyValueSpecification","valueRequired":true,"valueName":"search_term_string"}}],"inLanguage":"de"},{"@type":"Organization","@id":"https:\/\/taximirko.ch\/#organization","name":"Taxi Mirko Assenov","url":"https:\/\/taximirko.ch\/","logo":{"@type":"ImageObject","inLanguage":"de","@id":"https:\/\/taximirko.ch\/#\/schema\/logo\/image\/","url":"https:\/\/taximirko.ch\/wp-content\/uploads\/2026\/04\/Rectangular-logo.png","contentUrl":"https:\/\/taximirko.ch\/wp-content\/uploads\/2026\/04\/Rectangular-logo.png","width":1451,"height":1501,"caption":"Taxi Mirko Assenov"},"image":{"@id":"https:\/\/taximirko.ch\/#\/schema\/logo\/image\/"}}]}},"_links":{"self":[{"href":"https:\/\/taximirko.ch\/index.php?rest_route=\/wp\/v2\/pages\/781","targetHints":{"allow":["GET"]}}],"collection":[{"href":"https:\/\/taximirko.ch\/index.php?rest_route=\/wp\/v2\/pages"}],"about":[{"href":"https:\/\/taximirko.ch\/index.php?rest_route=\/wp\/v2\/types\/page"}],"author":[{"embeddable":true,"href":"https:\/\/taximirko.ch\/index.php?rest_route=\/wp\/v2\/users\/1"}],"replies":[{"embeddable":true,"href":"https:\/\/taximirko.ch\/index.php?rest_route=%2Fwp%2Fv2%2Fcomments&post=781"}],"version-history":[{"count":0,"href":"https:\/\/taximirko.ch\/index.php?rest_route=\/wp\/v2\/pages\/781\/revisions"}],"wp:featuredmedia":[{"embeddable":true,"href":"https:\/\/taximirko.ch\/index.php?rest_route=\/wp\/v2\/media\/2093"}],"wp:attachment":[{"href":"https:\/\/taximirko.ch\/index.php?rest_route=%2Fwp%2Fv2%2Fmedia&parent=781"}],"curies":[{"name":"wp","href":"https:\/\/api.w.org\/{rel}","templated":true}]}}