{"id":2277,"date":"2025-02-08T15:48:59","date_gmt":"2025-02-08T15:48:59","guid":{"rendered":"https:\/\/taximirko.ch\/?page_id=2277"},"modified":"2026-04-26T11:34:06","modified_gmt":"2026-04-26T11:34:06","slug":"ueberregionale-fahrten","status":"publish","type":"page","link":"https:\/\/taximirko.ch\/?page_id=2277","title":{"rendered":"\u00dcberregionale Fahrten"},"content":{"rendered":"\t\t<div data-elementor-type=\"wp-page\" data-elementor-id=\"2277\" class=\"elementor elementor-2277\" data-elementor-post-type=\"page\">\n\t\t\t\t\t\t<section class=\"elementor-section elementor-top-section elementor-element elementor-element-53dde02f elementor-section-boxed elementor-section-height-default elementor-section-height-default\" data-id=\"53dde02f\" data-element_type=\"section\" data-e-type=\"section\" id=\"Ueber-uns\" data-settings=\"{&quot;background_background&quot;:&quot;classic&quot;}\">\n\t\t\t\t\t\t<div class=\"elementor-container elementor-column-gap-no\">\n\t\t\t\t\t<div class=\"elementor-column elementor-col-100 elementor-top-column elementor-element elementor-element-2fe67a1d\" data-id=\"2fe67a1d\" data-element_type=\"column\" data-e-type=\"column\">\n\t\t\t<div class=\"elementor-widget-wrap elementor-element-populated\">\n\t\t\t\t\t\t<div class=\"elementor-element elementor-element-28c79fdc elementor-widget elementor-widget-text-editor\" data-id=\"28c79fdc\" data-element_type=\"widget\" data-e-type=\"widget\" data-widget_type=\"text-editor.default\">\n\t\t\t\t<div class=\"elementor-widget-container\">\n\t\t\t\t\t\t\t\t\t<p>\u00dcberregionale Fahrten mit Mirko Assenov Transport &amp; Transfer bringen Sie komfortabel und sicher in die ganze Schweiz und dar\u00fcber hinaus. Ob gesch\u00e4ftlich oder privat \u2013 wir sorgen daf\u00fcr, dass auch l\u00e4ngere Strecken angenehm und stressfrei verlaufen.<\/p>\t\t\t\t\t\t\t\t<\/div>\n\t\t\t\t<\/div>\n\t\t\t\t\t<\/div>\n\t\t<\/div>\n\t\t\t\t\t<\/div>\n\t\t<\/section>\n\t\t\t\t<section class=\"elementor-section elementor-top-section elementor-element elementor-element-5886d853 elementor-section-content-middle elementor-reverse-tablet elementor-reverse-mobile elementor-section-boxed elementor-section-height-default elementor-section-height-default\" data-id=\"5886d853\" data-element_type=\"section\" data-e-type=\"section\" data-settings=\"{&quot;background_background&quot;:&quot;gradient&quot;}\">\n\t\t\t\t\t\t<div class=\"elementor-container elementor-column-gap-no\">\n\t\t\t\t\t<div class=\"elementor-column elementor-col-50 elementor-top-column elementor-element elementor-element-220e993\" data-id=\"220e993\" data-element_type=\"column\" data-e-type=\"column\">\n\t\t\t<div class=\"elementor-widget-wrap elementor-element-populated\">\n\t\t\t\t\t\t<div class=\"elementor-element elementor-element-7ae56f41 elementor-widget elementor-widget-text-editor\" data-id=\"7ae56f41\" data-element_type=\"widget\" data-e-type=\"widget\" data-widget_type=\"text-editor.default\">\n\t\t\t\t<div class=\"elementor-widget-container\">\n\t\t\t\t\t\t\t\t\t<p data-start=\"7823\" data-end=\"8015\">Unsere modernen Fahrzeuge bieten Ihnen h\u00f6chsten Komfort, sodass Sie auch auf langen Fahrten entspannt reisen k\u00f6nnen. Wir planen jede Strecke sorgf\u00e4ltig und individuell nach Ihren Bed\u00fcrfnissen.<\/p>\n<p data-start=\"8017\" data-end=\"8198\">Unsere erfahrenen Chauffeure sorgen f\u00fcr eine sichere und zuverl\u00e4ssige Fahrt, bei der Sie sich zur\u00fccklehnen k\u00f6nnen. Diskretion und Professionalit\u00e4t stehen dabei immer im Vordergrund.<\/p>\n<p data-start=\"8200\" data-end=\"8347\">P\u00fcnktlichkeit ist f\u00fcr uns selbstverst\u00e4ndlich, damit Sie Ihre Termine oder Reisen ohne Stress erreichen. Wir passen uns flexibel an Ihre W\u00fcnsche an.<\/p>\n<p data-start=\"8349\" data-end=\"8506\" data-is-last-node=\"\" data-is-only-node=\"\">Mit Mirko Assenov Transport &amp; Transfer entscheiden Sie sich f\u00fcr einen zuverl\u00e4ssigen Partner f\u00fcr lange Strecken, der Komfort, Sicherheit und Qualit\u00e4t vereint.<\/p>\t\t\t\t\t\t\t\t<\/div>\n\t\t\t\t<\/div>\n\t\t\t\t<div class=\"elementor-element elementor-element-331fec12 elementor-widget elementor-widget-jkit_button\" data-id=\"331fec12\" data-element_type=\"widget\" data-e-type=\"widget\" data-widget_type=\"jkit_button.default\">\n\t\t\t\t<div class=\"elementor-widget-container\">\n\t\t\t\t\t<div  class=\"jeg-elementor-kit jkit-button  icon-position-before jeg_module___69ef6cec8a286\" ><a href=\"#anfrage-senden\" class=\"jkit-button-wrapper\"><i aria-hidden=\"true\" class=\"jki jki-comment2-light\"><\/i>Anfrage senden<\/a><\/div>\t\t\t\t<\/div>\n\t\t\t\t<\/div>\n\t\t\t\t\t<\/div>\n\t\t<\/div>\n\t\t\t\t<div class=\"elementor-column elementor-col-50 elementor-top-column elementor-element elementor-element-2a0f784\" data-id=\"2a0f784\" data-element_type=\"column\" data-e-type=\"column\">\n\t\t\t<div class=\"elementor-widget-wrap elementor-element-populated\">\n\t\t\t\t\t\t<div class=\"elementor-element elementor-element-7a94859 elementor-widget elementor-widget-theme-post-featured-image elementor-widget-image\" data-id=\"7a94859\" data-element_type=\"widget\" data-e-type=\"widget\" data-widget_type=\"theme-post-featured-image.default\">\n\t\t\t\t<div class=\"elementor-widget-container\">\n\t\t\t\t\t\t\t\t\t\t\t\t\t\t\t<img fetchpriority=\"high\" decoding=\"async\" width=\"1800\" height=\"1200\" src=\"https:\/\/taximirko.ch\/wp-content\/uploads\/2026\/04\/Near-regional-rides.jpg\" class=\"attachment-full size-full wp-image-2278\" alt=\"\" srcset=\"https:\/\/taximirko.ch\/wp-content\/uploads\/2026\/04\/Near-regional-rides.jpg 1800w, https:\/\/taximirko.ch\/wp-content\/uploads\/2026\/04\/Near-regional-rides-300x200.jpg 300w, https:\/\/taximirko.ch\/wp-content\/uploads\/2026\/04\/Near-regional-rides-1024x683.jpg 1024w, https:\/\/taximirko.ch\/wp-content\/uploads\/2026\/04\/Near-regional-rides-768x512.jpg 768w, https:\/\/taximirko.ch\/wp-content\/uploads\/2026\/04\/Near-regional-rides-1536x1024.jpg 1536w\" sizes=\"(max-width: 1800px) 100vw, 1800px\" \/>\t\t\t\t\t\t\t\t\t\t\t\t\t\t\t<\/div>\n\t\t\t\t<\/div>\n\t\t\t\t\t<\/div>\n\t\t<\/div>\n\t\t\t\t\t<\/div>\n\t\t<\/section>\n\t\t\t\t<\/div>\n\t\t","protected":false},"excerpt":{"rendered":"<p>\u00dcberregionale Fahrten mit Mirko Assenov Transport &amp; Transfer bringen Sie komfortabel und sicher in die ganze Schweiz und dar\u00fcber hinaus. Ob gesch\u00e4ftlich oder privat \u2013 wir sorgen daf\u00fcr, dass auch l\u00e4ngere Strecken angenehm und stressfrei verlaufen. Unsere modernen Fahrzeuge bieten Ihnen h\u00f6chsten Komfort, sodass Sie auch auf langen Fahrten entspannt reisen k\u00f6nnen. Wir planen jede [&hellip;]<\/p>\n","protected":false},"author":1,"featured_media":2278,"parent":0,"menu_order":0,"comment_status":"closed","ping_status":"closed","template":"elementor_header_footer","meta":{"footnotes":""},"class_list":["post-2277","page","type-page","status-publish","has-post-thumbnail","hentry"],"yoast_head":"<!-- This site is optimized with the Yoast SEO plugin v27.4 - https:\/\/yoast.com\/product\/yoast-seo-wordpress\/ -->\n<title>\u00dcberregionale Fahrten | Taxi Mirko Assenov<\/title>\n<meta name=\"description\" content=\"Komfortable \u00fcberregionale Fahrten in der ganzen Schweiz \u2013 sicher, p\u00fcnktlich und entspannt ans Ziel.\" \/>\n<meta name=\"robots\" content=\"index, follow, max-snippet:-1, max-image-preview:large, max-video-preview:-1\" \/>\n<link rel=\"canonical\" href=\"https:\/\/taximirko.ch\/?page_id=2277\" \/>\n<meta property=\"og:locale\" content=\"de_DE\" \/>\n<meta property=\"og:type\" content=\"article\" \/>\n<meta property=\"og:title\" content=\"\u00dcberregionale Fahrten | Taxi Mirko Assenov\" \/>\n<meta property=\"og:description\" content=\"Komfortable \u00fcberregionale Fahrten in der ganzen Schweiz \u2013 sicher, p\u00fcnktlich und entspannt ans Ziel.\" \/>\n<meta property=\"og:url\" content=\"https:\/\/taximirko.ch\/?page_id=2277\" \/>\n<meta property=\"og:site_name\" content=\"Taxi Mirko Assenov\" \/>\n<meta property=\"article:modified_time\" content=\"2026-04-26T11:34:06+00:00\" \/>\n<meta property=\"og:image\" content=\"https:\/\/taximirko.ch\/wp-content\/uploads\/2026\/04\/Near-regional-rides.jpg\" \/>\n\t<meta property=\"og:image:width\" content=\"1800\" \/>\n\t<meta property=\"og:image:height\" content=\"1200\" \/>\n\t<meta property=\"og:image:type\" content=\"image\/jpeg\" \/>\n<meta name=\"twitter:card\" content=\"summary_large_image\" \/>\n<meta name=\"twitter:label1\" content=\"Gesch\u00e4tzte Lesezeit\" \/>\n\t<meta name=\"twitter:data1\" content=\"1\u00a0Minute\" \/>\n<script type=\"application\/ld+json\" class=\"yoast-schema-graph\">{\"@context\":\"https:\\\/\\\/schema.org\",\"@graph\":[{\"@type\":\"WebPage\",\"@id\":\"https:\\\/\\\/taximirko.ch\\\/?page_id=2277\",\"url\":\"https:\\\/\\\/taximirko.ch\\\/?page_id=2277\",\"name\":\"\u00dcberregionale Fahrten | Taxi Mirko Assenov\",\"isPartOf\":{\"@id\":\"https:\\\/\\\/taximirko.ch\\\/#website\"},\"primaryImageOfPage\":{\"@id\":\"https:\\\/\\\/taximirko.ch\\\/?page_id=2277#primaryimage\"},\"image\":{\"@id\":\"https:\\\/\\\/taximirko.ch\\\/?page_id=2277#primaryimage\"},\"thumbnailUrl\":\"https:\\\/\\\/taximirko.ch\\\/wp-content\\\/uploads\\\/2026\\\/04\\\/Near-regional-rides.jpg\",\"datePublished\":\"2025-02-08T15:48:59+00:00\",\"dateModified\":\"2026-04-26T11:34:06+00:00\",\"description\":\"Komfortable \u00fcberregionale Fahrten in der ganzen Schweiz \u2013 sicher, p\u00fcnktlich und entspannt ans Ziel.\",\"breadcrumb\":{\"@id\":\"https:\\\/\\\/taximirko.ch\\\/?page_id=2277#breadcrumb\"},\"inLanguage\":\"de\",\"potentialAction\":[{\"@type\":\"ReadAction\",\"target\":[\"https:\\\/\\\/taximirko.ch\\\/?page_id=2277\"]}]},{\"@type\":\"ImageObject\",\"inLanguage\":\"de\",\"@id\":\"https:\\\/\\\/taximirko.ch\\\/?page_id=2277#primaryimage\",\"url\":\"https:\\\/\\\/taximirko.ch\\\/wp-content\\\/uploads\\\/2026\\\/04\\\/Near-regional-rides.jpg\",\"contentUrl\":\"https:\\\/\\\/taximirko.ch\\\/wp-content\\\/uploads\\\/2026\\\/04\\\/Near-regional-rides.jpg\",\"width\":1800,\"height\":1200},{\"@type\":\"BreadcrumbList\",\"@id\":\"https:\\\/\\\/taximirko.ch\\\/?page_id=2277#breadcrumb\",\"itemListElement\":[{\"@type\":\"ListItem\",\"position\":1,\"name\":\"Startseite\",\"item\":\"https:\\\/\\\/taximirko.ch\\\/\"},{\"@type\":\"ListItem\",\"position\":2,\"name\":\"\u00dcberregionale Fahrten\"}]},{\"@type\":\"WebSite\",\"@id\":\"https:\\\/\\\/taximirko.ch\\\/#website\",\"url\":\"https:\\\/\\\/taximirko.ch\\\/\",\"name\":\"Taxi Mirko Assenov\",\"description\":\"Zuverl\u00e4ssiger Chauffeur Service\",\"publisher\":{\"@id\":\"https:\\\/\\\/taximirko.ch\\\/#organization\"},\"alternateName\":\"Taxi Mirko Assenov\",\"potentialAction\":[{\"@type\":\"SearchAction\",\"target\":{\"@type\":\"EntryPoint\",\"urlTemplate\":\"https:\\\/\\\/taximirko.ch\\\/?s={search_term_string}\"},\"query-input\":{\"@type\":\"PropertyValueSpecification\",\"valueRequired\":true,\"valueName\":\"search_term_string\"}}],\"inLanguage\":\"de\"},{\"@type\":\"Organization\",\"@id\":\"https:\\\/\\\/taximirko.ch\\\/#organization\",\"name\":\"Taxi Mirko Assenov\",\"url\":\"https:\\\/\\\/taximirko.ch\\\/\",\"logo\":{\"@type\":\"ImageObject\",\"inLanguage\":\"de\",\"@id\":\"https:\\\/\\\/taximirko.ch\\\/#\\\/schema\\\/logo\\\/image\\\/\",\"url\":\"https:\\\/\\\/taximirko.ch\\\/wp-content\\\/uploads\\\/2026\\\/04\\\/Rectangular-logo.png\",\"contentUrl\":\"https:\\\/\\\/taximirko.ch\\\/wp-content\\\/uploads\\\/2026\\\/04\\\/Rectangular-logo.png\",\"width\":1451,\"height\":1501,\"caption\":\"Taxi Mirko Assenov\"},\"image\":{\"@id\":\"https:\\\/\\\/taximirko.ch\\\/#\\\/schema\\\/logo\\\/image\\\/\"}}]}<\/script>\n<!-- \/ Yoast SEO plugin. -->","yoast_head_json":{"title":"\u00dcberregionale Fahrten | Taxi Mirko Assenov","description":"Komfortable \u00fcberregionale Fahrten in der ganzen Schweiz \u2013 sicher, p\u00fcnktlich und entspannt ans Ziel.","robots":{"index":"index","follow":"follow","max-snippet":"max-snippet:-1","max-image-preview":"max-image-preview:large","max-video-preview":"max-video-preview:-1"},"canonical":"https:\/\/taximirko.ch\/?page_id=2277","og_locale":"de_DE","og_type":"article","og_title":"\u00dcberregionale Fahrten | Taxi Mirko Assenov","og_description":"Komfortable \u00fcberregionale Fahrten in der ganzen Schweiz \u2013 sicher, p\u00fcnktlich und entspannt ans Ziel.","og_url":"https:\/\/taximirko.ch\/?page_id=2277","og_site_name":"Taxi Mirko Assenov","article_modified_time":"2026-04-26T11:34:06+00:00","og_image":[{"width":1800,"height":1200,"url":"https:\/\/taximirko.ch\/wp-content\/uploads\/2026\/04\/Near-regional-rides.jpg","type":"image\/jpeg"}],"twitter_card":"summary_large_image","twitter_misc":{"Gesch\u00e4tzte Lesezeit":"1\u00a0Minute"},"schema":{"@context":"https:\/\/schema.org","@graph":[{"@type":"WebPage","@id":"https:\/\/taximirko.ch\/?page_id=2277","url":"https:\/\/taximirko.ch\/?page_id=2277","name":"\u00dcberregionale Fahrten | Taxi Mirko Assenov","isPartOf":{"@id":"https:\/\/taximirko.ch\/#website"},"primaryImageOfPage":{"@id":"https:\/\/taximirko.ch\/?page_id=2277#primaryimage"},"image":{"@id":"https:\/\/taximirko.ch\/?page_id=2277#primaryimage"},"thumbnailUrl":"https:\/\/taximirko.ch\/wp-content\/uploads\/2026\/04\/Near-regional-rides.jpg","datePublished":"2025-02-08T15:48:59+00:00","dateModified":"2026-04-26T11:34:06+00:00","description":"Komfortable \u00fcberregionale Fahrten in der ganzen Schweiz \u2013 sicher, p\u00fcnktlich und entspannt ans Ziel.","breadcrumb":{"@id":"https:\/\/taximirko.ch\/?page_id=2277#breadcrumb"},"inLanguage":"de","potentialAction":[{"@type":"ReadAction","target":["https:\/\/taximirko.ch\/?page_id=2277"]}]},{"@type":"ImageObject","inLanguage":"de","@id":"https:\/\/taximirko.ch\/?page_id=2277#primaryimage","url":"https:\/\/taximirko.ch\/wp-content\/uploads\/2026\/04\/Near-regional-rides.jpg","contentUrl":"https:\/\/taximirko.ch\/wp-content\/uploads\/2026\/04\/Near-regional-rides.jpg","width":1800,"height":1200},{"@type":"BreadcrumbList","@id":"https:\/\/taximirko.ch\/?page_id=2277#breadcrumb","itemListElement":[{"@type":"ListItem","position":1,"name":"Startseite","item":"https:\/\/taximirko.ch\/"},{"@type":"ListItem","position":2,"name":"\u00dcberregionale Fahrten"}]},{"@type":"WebSite","@id":"https:\/\/taximirko.ch\/#website","url":"https:\/\/taximirko.ch\/","name":"Taxi Mirko Assenov","description":"Zuverl\u00e4ssiger Chauffeur Service","publisher":{"@id":"https:\/\/taximirko.ch\/#organization"},"alternateName":"Taxi Mirko Assenov","potentialAction":[{"@type":"SearchAction","target":{"@type":"EntryPoint","urlTemplate":"https:\/\/taximirko.ch\/?s={search_term_string}"},"query-input":{"@type":"PropertyValueSpecification","valueRequired":true,"valueName":"search_term_string"}}],"inLanguage":"de"},{"@type":"Organization","@id":"https:\/\/taximirko.ch\/#organization","name":"Taxi Mirko Assenov","url":"https:\/\/taximirko.ch\/","logo":{"@type":"ImageObject","inLanguage":"de","@id":"https:\/\/taximirko.ch\/#\/schema\/logo\/image\/","url":"https:\/\/taximirko.ch\/wp-content\/uploads\/2026\/04\/Rectangular-logo.png","contentUrl":"https:\/\/taximirko.ch\/wp-content\/uploads\/2026\/04\/Rectangular-logo.png","width":1451,"height":1501,"caption":"Taxi Mirko Assenov"},"image":{"@id":"https:\/\/taximirko.ch\/#\/schema\/logo\/image\/"}}]}},"_links":{"self":[{"href":"https:\/\/taximirko.ch\/index.php?rest_route=\/wp\/v2\/pages\/2277","targetHints":{"allow":["GET"]}}],"collection":[{"href":"https:\/\/taximirko.ch\/index.php?rest_route=\/wp\/v2\/pages"}],"about":[{"href":"https:\/\/taximirko.ch\/index.php?rest_route=\/wp\/v2\/types\/page"}],"author":[{"embeddable":true,"href":"https:\/\/taximirko.ch\/index.php?rest_route=\/wp\/v2\/users\/1"}],"replies":[{"embeddable":true,"href":"https:\/\/taximirko.ch\/index.php?rest_route=%2Fwp%2Fv2%2Fcomments&post=2277"}],"version-history":[{"count":0,"href":"https:\/\/taximirko.ch\/index.php?rest_route=\/wp\/v2\/pages\/2277\/revisions"}],"wp:featuredmedia":[{"embeddable":true,"href":"https:\/\/taximirko.ch\/index.php?rest_route=\/wp\/v2\/media\/2278"}],"wp:attachment":[{"href":"https:\/\/taximirko.ch\/index.php?rest_route=%2Fwp%2Fv2%2Fmedia&parent=2277"}],"curies":[{"name":"wp","href":"https:\/\/api.w.org\/{rel}","templated":true}]}}