{"id":2266,"date":"2025-02-08T15:48:59","date_gmt":"2025-02-08T15:48:59","guid":{"rendered":"https:\/\/taximirko.ch\/?page_id=2266"},"modified":"2026-04-26T11:32:21","modified_gmt":"2026-04-26T11:32:21","slug":"gruppenfahrten","status":"publish","type":"page","link":"https:\/\/taximirko.ch\/?page_id=2266","title":{"rendered":"Gruppenfahrten"},"content":{"rendered":"\t\t<div data-elementor-type=\"wp-page\" data-elementor-id=\"2266\" class=\"elementor elementor-2266\" data-elementor-post-type=\"page\">\n\t\t\t\t\t\t<section class=\"elementor-section elementor-top-section elementor-element elementor-element-53dde02f elementor-section-boxed elementor-section-height-default elementor-section-height-default\" data-id=\"53dde02f\" data-element_type=\"section\" data-e-type=\"section\" id=\"Ueber-uns\" data-settings=\"{&quot;background_background&quot;:&quot;classic&quot;}\">\n\t\t\t\t\t\t<div class=\"elementor-container elementor-column-gap-no\">\n\t\t\t\t\t<div class=\"elementor-column elementor-col-100 elementor-top-column elementor-element elementor-element-2fe67a1d\" data-id=\"2fe67a1d\" data-element_type=\"column\" data-e-type=\"column\">\n\t\t\t<div class=\"elementor-widget-wrap elementor-element-populated\">\n\t\t\t\t\t\t<div class=\"elementor-element elementor-element-28c79fdc elementor-widget elementor-widget-text-editor\" data-id=\"28c79fdc\" data-element_type=\"widget\" data-e-type=\"widget\" data-widget_type=\"text-editor.default\">\n\t\t\t\t<div class=\"elementor-widget-container\">\n\t\t\t\t\t\t\t\t\t<p>Gruppenfahrten mit Mirko Assenov Transport &amp; Transfer bieten Ihnen eine komfortable und sichere M\u00f6glichkeit, gemeinsam mit mehreren Personen zu reisen. Ob Familienausflug, Event, Vereinsfahrt oder Transfer \u2013 wir sorgen daf\u00fcr, dass alle gemeinsam entspannt und p\u00fcnktlich ans Ziel kommen.<\/p>\t\t\t\t\t\t\t\t<\/div>\n\t\t\t\t<\/div>\n\t\t\t\t\t<\/div>\n\t\t<\/div>\n\t\t\t\t\t<\/div>\n\t\t<\/section>\n\t\t\t\t<section class=\"elementor-section elementor-top-section elementor-element elementor-element-5886d853 elementor-section-content-middle elementor-reverse-tablet elementor-reverse-mobile elementor-section-boxed elementor-section-height-default elementor-section-height-default\" data-id=\"5886d853\" data-element_type=\"section\" data-e-type=\"section\" data-settings=\"{&quot;background_background&quot;:&quot;gradient&quot;}\">\n\t\t\t\t\t\t<div class=\"elementor-container elementor-column-gap-no\">\n\t\t\t\t\t<div class=\"elementor-column elementor-col-50 elementor-top-column elementor-element elementor-element-220e993\" data-id=\"220e993\" data-element_type=\"column\" data-e-type=\"column\">\n\t\t\t<div class=\"elementor-widget-wrap elementor-element-populated\">\n\t\t\t\t\t\t<div class=\"elementor-element elementor-element-7ae56f41 elementor-widget elementor-widget-text-editor\" data-id=\"7ae56f41\" data-element_type=\"widget\" data-e-type=\"widget\" data-widget_type=\"text-editor.default\">\n\t\t\t\t<div class=\"elementor-widget-container\">\n\t\t\t\t\t\t\t\t\t<p>Unsere Fahrzeuge bieten ausreichend Platz und Komfort, sodass auch l\u00e4ngere Fahrten angenehm und stressfrei verlaufen. Gemeinsam zu reisen wird so zu einem entspannten Erlebnis f\u00fcr alle Beteiligten.<\/p><p>Wir planen jede Gruppenfahrt individuell und passen sie flexibel an Ihre Bed\u00fcrfnisse an. Dabei achten wir auf einen reibungslosen Ablauf und eine angenehme Reiseatmosph\u00e4re.<\/p><p>Zuverl\u00e4ssigkeit und P\u00fcnktlichkeit sind f\u00fcr uns selbstverst\u00e4ndlich, damit Ihre Gruppe jederzeit gut betreut ist. Sie k\u00f6nnen sich darauf verlassen, dass wir Sie sicher und komfortabel ans Ziel bringen.<\/p><p>Mit Mirko Assenov Transport &amp; Transfer entscheiden Sie sich f\u00fcr einen Gruppenservice, der Komfort, Organisation und Sicherheit perfekt verbindet. Wir bringen Sie gemeinsam ans Ziel.<\/p>\t\t\t\t\t\t\t\t<\/div>\n\t\t\t\t<\/div>\n\t\t\t\t<div class=\"elementor-element elementor-element-331fec12 elementor-widget elementor-widget-jkit_button\" data-id=\"331fec12\" data-element_type=\"widget\" data-e-type=\"widget\" data-widget_type=\"jkit_button.default\">\n\t\t\t\t<div class=\"elementor-widget-container\">\n\t\t\t\t\t<div  class=\"jeg-elementor-kit jkit-button  icon-position-before jeg_module___69ef6cf558ca6\" ><a href=\"#anfrage-senden\" class=\"jkit-button-wrapper\"><i aria-hidden=\"true\" class=\"jki jki-comment2-light\"><\/i>Anfrage senden<\/a><\/div>\t\t\t\t<\/div>\n\t\t\t\t<\/div>\n\t\t\t\t\t<\/div>\n\t\t<\/div>\n\t\t\t\t<div class=\"elementor-column elementor-col-50 elementor-top-column elementor-element elementor-element-2a0f784\" data-id=\"2a0f784\" data-element_type=\"column\" data-e-type=\"column\">\n\t\t\t<div class=\"elementor-widget-wrap elementor-element-populated\">\n\t\t\t\t\t\t<div class=\"elementor-element elementor-element-7a94859 elementor-widget elementor-widget-theme-post-featured-image elementor-widget-image\" data-id=\"7a94859\" data-element_type=\"widget\" data-e-type=\"widget\" data-widget_type=\"theme-post-featured-image.default\">\n\t\t\t\t<div class=\"elementor-widget-container\">\n\t\t\t\t\t\t\t\t\t\t\t\t\t\t\t<img fetchpriority=\"high\" decoding=\"async\" width=\"2000\" height=\"1334\" src=\"https:\/\/taximirko.ch\/wp-content\/uploads\/2026\/04\/driver-helps-a-business-couple-carry-their-suitcas-2026-03-24-04-06-03-utc.jpg\" class=\"attachment-full size-full wp-image-2147\" alt=\"\" srcset=\"https:\/\/taximirko.ch\/wp-content\/uploads\/2026\/04\/driver-helps-a-business-couple-carry-their-suitcas-2026-03-24-04-06-03-utc.jpg 2000w, https:\/\/taximirko.ch\/wp-content\/uploads\/2026\/04\/driver-helps-a-business-couple-carry-their-suitcas-2026-03-24-04-06-03-utc-300x200.jpg 300w, https:\/\/taximirko.ch\/wp-content\/uploads\/2026\/04\/driver-helps-a-business-couple-carry-their-suitcas-2026-03-24-04-06-03-utc-1024x683.jpg 1024w, https:\/\/taximirko.ch\/wp-content\/uploads\/2026\/04\/driver-helps-a-business-couple-carry-their-suitcas-2026-03-24-04-06-03-utc-768x512.jpg 768w, https:\/\/taximirko.ch\/wp-content\/uploads\/2026\/04\/driver-helps-a-business-couple-carry-their-suitcas-2026-03-24-04-06-03-utc-1536x1025.jpg 1536w\" sizes=\"(max-width: 2000px) 100vw, 2000px\" \/>\t\t\t\t\t\t\t\t\t\t\t\t\t\t\t<\/div>\n\t\t\t\t<\/div>\n\t\t\t\t\t<\/div>\n\t\t<\/div>\n\t\t\t\t\t<\/div>\n\t\t<\/section>\n\t\t\t\t<\/div>\n\t\t","protected":false},"excerpt":{"rendered":"<p>Gruppenfahrten mit Mirko Assenov Transport &amp; Transfer bieten Ihnen eine komfortable und sichere M\u00f6glichkeit, gemeinsam mit mehreren Personen zu reisen. Ob Familienausflug, Event, Vereinsfahrt oder Transfer \u2013 wir sorgen daf\u00fcr, dass alle gemeinsam entspannt und p\u00fcnktlich ans Ziel kommen. Unsere Fahrzeuge bieten ausreichend Platz und Komfort, sodass auch l\u00e4ngere Fahrten angenehm und stressfrei verlaufen. Gemeinsam [&hellip;]<\/p>\n","protected":false},"author":1,"featured_media":2147,"parent":0,"menu_order":0,"comment_status":"closed","ping_status":"closed","template":"elementor_header_footer","meta":{"footnotes":""},"class_list":["post-2266","page","type-page","status-publish","has-post-thumbnail","hentry"],"yoast_head":"<!-- This site is optimized with the Yoast SEO plugin v27.4 - https:\/\/yoast.com\/product\/yoast-seo-wordpress\/ -->\n<title>Gruppenfahrten | Taxi Mirko Assenov<\/title>\n<meta name=\"description\" content=\"Komfortable Gruppenfahrten mit Kleinbus-Service \u2013 ideal f\u00fcr Familien, Events und mehrere Personen.\" \/>\n<meta name=\"robots\" content=\"index, follow, max-snippet:-1, max-image-preview:large, max-video-preview:-1\" \/>\n<link rel=\"canonical\" href=\"https:\/\/taximirko.ch\/?page_id=2266\" \/>\n<meta property=\"og:locale\" content=\"de_DE\" \/>\n<meta property=\"og:type\" content=\"article\" \/>\n<meta property=\"og:title\" content=\"Gruppenfahrten | Taxi Mirko Assenov\" \/>\n<meta property=\"og:description\" content=\"Komfortable Gruppenfahrten mit Kleinbus-Service \u2013 ideal f\u00fcr Familien, Events und mehrere Personen.\" \/>\n<meta property=\"og:url\" content=\"https:\/\/taximirko.ch\/?page_id=2266\" \/>\n<meta property=\"og:site_name\" content=\"Taxi Mirko Assenov\" \/>\n<meta property=\"article:modified_time\" content=\"2026-04-26T11:32:21+00:00\" \/>\n<meta property=\"og:image\" content=\"https:\/\/taximirko.ch\/wp-content\/uploads\/2026\/04\/driver-helps-a-business-couple-carry-their-suitcas-2026-03-24-04-06-03-utc.jpg\" \/>\n\t<meta property=\"og:image:width\" content=\"2000\" \/>\n\t<meta property=\"og:image:height\" content=\"1334\" \/>\n\t<meta property=\"og:image:type\" content=\"image\/jpeg\" \/>\n<meta name=\"twitter:card\" content=\"summary_large_image\" \/>\n<meta name=\"twitter:label1\" content=\"Gesch\u00e4tzte Lesezeit\" \/>\n\t<meta name=\"twitter:data1\" content=\"2\u00a0Minuten\" \/>\n<script type=\"application\/ld+json\" class=\"yoast-schema-graph\">{\"@context\":\"https:\\\/\\\/schema.org\",\"@graph\":[{\"@type\":\"WebPage\",\"@id\":\"https:\\\/\\\/taximirko.ch\\\/?page_id=2266\",\"url\":\"https:\\\/\\\/taximirko.ch\\\/?page_id=2266\",\"name\":\"Gruppenfahrten | Taxi Mirko Assenov\",\"isPartOf\":{\"@id\":\"https:\\\/\\\/taximirko.ch\\\/#website\"},\"primaryImageOfPage\":{\"@id\":\"https:\\\/\\\/taximirko.ch\\\/?page_id=2266#primaryimage\"},\"image\":{\"@id\":\"https:\\\/\\\/taximirko.ch\\\/?page_id=2266#primaryimage\"},\"thumbnailUrl\":\"https:\\\/\\\/taximirko.ch\\\/wp-content\\\/uploads\\\/2026\\\/04\\\/driver-helps-a-business-couple-carry-their-suitcas-2026-03-24-04-06-03-utc.jpg\",\"datePublished\":\"2025-02-08T15:48:59+00:00\",\"dateModified\":\"2026-04-26T11:32:21+00:00\",\"description\":\"Komfortable Gruppenfahrten mit Kleinbus-Service \u2013 ideal f\u00fcr Familien, Events und mehrere Personen.\",\"breadcrumb\":{\"@id\":\"https:\\\/\\\/taximirko.ch\\\/?page_id=2266#breadcrumb\"},\"inLanguage\":\"de\",\"potentialAction\":[{\"@type\":\"ReadAction\",\"target\":[\"https:\\\/\\\/taximirko.ch\\\/?page_id=2266\"]}]},{\"@type\":\"ImageObject\",\"inLanguage\":\"de\",\"@id\":\"https:\\\/\\\/taximirko.ch\\\/?page_id=2266#primaryimage\",\"url\":\"https:\\\/\\\/taximirko.ch\\\/wp-content\\\/uploads\\\/2026\\\/04\\\/driver-helps-a-business-couple-carry-their-suitcas-2026-03-24-04-06-03-utc.jpg\",\"contentUrl\":\"https:\\\/\\\/taximirko.ch\\\/wp-content\\\/uploads\\\/2026\\\/04\\\/driver-helps-a-business-couple-carry-their-suitcas-2026-03-24-04-06-03-utc.jpg\",\"width\":2000,\"height\":1334},{\"@type\":\"BreadcrumbList\",\"@id\":\"https:\\\/\\\/taximirko.ch\\\/?page_id=2266#breadcrumb\",\"itemListElement\":[{\"@type\":\"ListItem\",\"position\":1,\"name\":\"Startseite\",\"item\":\"https:\\\/\\\/taximirko.ch\\\/\"},{\"@type\":\"ListItem\",\"position\":2,\"name\":\"Gruppenfahrten\"}]},{\"@type\":\"WebSite\",\"@id\":\"https:\\\/\\\/taximirko.ch\\\/#website\",\"url\":\"https:\\\/\\\/taximirko.ch\\\/\",\"name\":\"Taxi Mirko Assenov\",\"description\":\"Zuverl\u00e4ssiger Chauffeur Service\",\"publisher\":{\"@id\":\"https:\\\/\\\/taximirko.ch\\\/#organization\"},\"alternateName\":\"Taxi Mirko Assenov\",\"potentialAction\":[{\"@type\":\"SearchAction\",\"target\":{\"@type\":\"EntryPoint\",\"urlTemplate\":\"https:\\\/\\\/taximirko.ch\\\/?s={search_term_string}\"},\"query-input\":{\"@type\":\"PropertyValueSpecification\",\"valueRequired\":true,\"valueName\":\"search_term_string\"}}],\"inLanguage\":\"de\"},{\"@type\":\"Organization\",\"@id\":\"https:\\\/\\\/taximirko.ch\\\/#organization\",\"name\":\"Taxi Mirko Assenov\",\"url\":\"https:\\\/\\\/taximirko.ch\\\/\",\"logo\":{\"@type\":\"ImageObject\",\"inLanguage\":\"de\",\"@id\":\"https:\\\/\\\/taximirko.ch\\\/#\\\/schema\\\/logo\\\/image\\\/\",\"url\":\"https:\\\/\\\/taximirko.ch\\\/wp-content\\\/uploads\\\/2026\\\/04\\\/Rectangular-logo.png\",\"contentUrl\":\"https:\\\/\\\/taximirko.ch\\\/wp-content\\\/uploads\\\/2026\\\/04\\\/Rectangular-logo.png\",\"width\":1451,\"height\":1501,\"caption\":\"Taxi Mirko Assenov\"},\"image\":{\"@id\":\"https:\\\/\\\/taximirko.ch\\\/#\\\/schema\\\/logo\\\/image\\\/\"}}]}<\/script>\n<!-- \/ Yoast SEO plugin. -->","yoast_head_json":{"title":"Gruppenfahrten | Taxi Mirko Assenov","description":"Komfortable Gruppenfahrten mit Kleinbus-Service \u2013 ideal f\u00fcr Familien, Events und mehrere Personen.","robots":{"index":"index","follow":"follow","max-snippet":"max-snippet:-1","max-image-preview":"max-image-preview:large","max-video-preview":"max-video-preview:-1"},"canonical":"https:\/\/taximirko.ch\/?page_id=2266","og_locale":"de_DE","og_type":"article","og_title":"Gruppenfahrten | Taxi Mirko Assenov","og_description":"Komfortable Gruppenfahrten mit Kleinbus-Service \u2013 ideal f\u00fcr Familien, Events und mehrere Personen.","og_url":"https:\/\/taximirko.ch\/?page_id=2266","og_site_name":"Taxi Mirko Assenov","article_modified_time":"2026-04-26T11:32:21+00:00","og_image":[{"width":2000,"height":1334,"url":"https:\/\/taximirko.ch\/wp-content\/uploads\/2026\/04\/driver-helps-a-business-couple-carry-their-suitcas-2026-03-24-04-06-03-utc.jpg","type":"image\/jpeg"}],"twitter_card":"summary_large_image","twitter_misc":{"Gesch\u00e4tzte Lesezeit":"2\u00a0Minuten"},"schema":{"@context":"https:\/\/schema.org","@graph":[{"@type":"WebPage","@id":"https:\/\/taximirko.ch\/?page_id=2266","url":"https:\/\/taximirko.ch\/?page_id=2266","name":"Gruppenfahrten | Taxi Mirko Assenov","isPartOf":{"@id":"https:\/\/taximirko.ch\/#website"},"primaryImageOfPage":{"@id":"https:\/\/taximirko.ch\/?page_id=2266#primaryimage"},"image":{"@id":"https:\/\/taximirko.ch\/?page_id=2266#primaryimage"},"thumbnailUrl":"https:\/\/taximirko.ch\/wp-content\/uploads\/2026\/04\/driver-helps-a-business-couple-carry-their-suitcas-2026-03-24-04-06-03-utc.jpg","datePublished":"2025-02-08T15:48:59+00:00","dateModified":"2026-04-26T11:32:21+00:00","description":"Komfortable Gruppenfahrten mit Kleinbus-Service \u2013 ideal f\u00fcr Familien, Events und mehrere Personen.","breadcrumb":{"@id":"https:\/\/taximirko.ch\/?page_id=2266#breadcrumb"},"inLanguage":"de","potentialAction":[{"@type":"ReadAction","target":["https:\/\/taximirko.ch\/?page_id=2266"]}]},{"@type":"ImageObject","inLanguage":"de","@id":"https:\/\/taximirko.ch\/?page_id=2266#primaryimage","url":"https:\/\/taximirko.ch\/wp-content\/uploads\/2026\/04\/driver-helps-a-business-couple-carry-their-suitcas-2026-03-24-04-06-03-utc.jpg","contentUrl":"https:\/\/taximirko.ch\/wp-content\/uploads\/2026\/04\/driver-helps-a-business-couple-carry-their-suitcas-2026-03-24-04-06-03-utc.jpg","width":2000,"height":1334},{"@type":"BreadcrumbList","@id":"https:\/\/taximirko.ch\/?page_id=2266#breadcrumb","itemListElement":[{"@type":"ListItem","position":1,"name":"Startseite","item":"https:\/\/taximirko.ch\/"},{"@type":"ListItem","position":2,"name":"Gruppenfahrten"}]},{"@type":"WebSite","@id":"https:\/\/taximirko.ch\/#website","url":"https:\/\/taximirko.ch\/","name":"Taxi Mirko Assenov","description":"Zuverl\u00e4ssiger Chauffeur Service","publisher":{"@id":"https:\/\/taximirko.ch\/#organization"},"alternateName":"Taxi Mirko Assenov","potentialAction":[{"@type":"SearchAction","target":{"@type":"EntryPoint","urlTemplate":"https:\/\/taximirko.ch\/?s={search_term_string}"},"query-input":{"@type":"PropertyValueSpecification","valueRequired":true,"valueName":"search_term_string"}}],"inLanguage":"de"},{"@type":"Organization","@id":"https:\/\/taximirko.ch\/#organization","name":"Taxi Mirko Assenov","url":"https:\/\/taximirko.ch\/","logo":{"@type":"ImageObject","inLanguage":"de","@id":"https:\/\/taximirko.ch\/#\/schema\/logo\/image\/","url":"https:\/\/taximirko.ch\/wp-content\/uploads\/2026\/04\/Rectangular-logo.png","contentUrl":"https:\/\/taximirko.ch\/wp-content\/uploads\/2026\/04\/Rectangular-logo.png","width":1451,"height":1501,"caption":"Taxi Mirko Assenov"},"image":{"@id":"https:\/\/taximirko.ch\/#\/schema\/logo\/image\/"}}]}},"_links":{"self":[{"href":"https:\/\/taximirko.ch\/index.php?rest_route=\/wp\/v2\/pages\/2266","targetHints":{"allow":["GET"]}}],"collection":[{"href":"https:\/\/taximirko.ch\/index.php?rest_route=\/wp\/v2\/pages"}],"about":[{"href":"https:\/\/taximirko.ch\/index.php?rest_route=\/wp\/v2\/types\/page"}],"author":[{"embeddable":true,"href":"https:\/\/taximirko.ch\/index.php?rest_route=\/wp\/v2\/users\/1"}],"replies":[{"embeddable":true,"href":"https:\/\/taximirko.ch\/index.php?rest_route=%2Fwp%2Fv2%2Fcomments&post=2266"}],"version-history":[{"count":0,"href":"https:\/\/taximirko.ch\/index.php?rest_route=\/wp\/v2\/pages\/2266\/revisions"}],"wp:featuredmedia":[{"embeddable":true,"href":"https:\/\/taximirko.ch\/index.php?rest_route=\/wp\/v2\/media\/2147"}],"wp:attachment":[{"href":"https:\/\/taximirko.ch\/index.php?rest_route=%2Fwp%2Fv2%2Fmedia&parent=2266"}],"curies":[{"name":"wp","href":"https:\/\/api.w.org\/{rel}","templated":true}]}}