{"id":2256,"date":"2025-02-08T15:48:59","date_gmt":"2025-02-08T15:48:59","guid":{"rendered":"https:\/\/taximirko.ch\/?page_id=2256"},"modified":"2026-04-26T11:30:58","modified_gmt":"2026-04-26T11:30:58","slug":"privatfahrten","status":"publish","type":"page","link":"https:\/\/taximirko.ch\/?page_id=2256","title":{"rendered":"Privatfahrten"},"content":{"rendered":"\t\t<div data-elementor-type=\"wp-page\" data-elementor-id=\"2256\" class=\"elementor elementor-2256\" data-elementor-post-type=\"page\">\n\t\t\t\t\t\t<section class=\"elementor-section elementor-top-section elementor-element elementor-element-53dde02f elementor-section-boxed elementor-section-height-default elementor-section-height-default\" data-id=\"53dde02f\" data-element_type=\"section\" data-e-type=\"section\" id=\"Ueber-uns\" data-settings=\"{&quot;background_background&quot;:&quot;classic&quot;}\">\n\t\t\t\t\t\t<div class=\"elementor-container elementor-column-gap-no\">\n\t\t\t\t\t<div class=\"elementor-column elementor-col-100 elementor-top-column elementor-element elementor-element-2fe67a1d\" data-id=\"2fe67a1d\" data-element_type=\"column\" data-e-type=\"column\">\n\t\t\t<div class=\"elementor-widget-wrap elementor-element-populated\">\n\t\t\t\t\t\t<div class=\"elementor-element elementor-element-28c79fdc elementor-widget elementor-widget-text-editor\" data-id=\"28c79fdc\" data-element_type=\"widget\" data-e-type=\"widget\" data-widget_type=\"text-editor.default\">\n\t\t\t\t<div class=\"elementor-widget-container\">\n\t\t\t\t\t\t\t\t\t<p>Privatfahrten mit Mirko Assenov Transport &amp; Transfer bieten Ihnen eine flexible und komfortable M\u00f6glichkeit, Ihre t\u00e4glichen Wege stressfrei zu gestalten. Ob Arzttermin, Einkauf, Familienbesuch oder Freizeitaktivit\u00e4t \u2013 wir bringen Sie sicher, bequem und zuverl\u00e4ssig an Ihr gew\u00fcnschtes Ziel.<\/p>\t\t\t\t\t\t\t\t<\/div>\n\t\t\t\t<\/div>\n\t\t\t\t\t<\/div>\n\t\t<\/div>\n\t\t\t\t\t<\/div>\n\t\t<\/section>\n\t\t\t\t<section class=\"elementor-section elementor-top-section elementor-element elementor-element-5886d853 elementor-section-content-middle elementor-reverse-tablet elementor-reverse-mobile elementor-section-boxed elementor-section-height-default elementor-section-height-default\" data-id=\"5886d853\" data-element_type=\"section\" data-e-type=\"section\" data-settings=\"{&quot;background_background&quot;:&quot;gradient&quot;}\">\n\t\t\t\t\t\t<div class=\"elementor-container elementor-column-gap-no\">\n\t\t\t\t\t<div class=\"elementor-column elementor-col-50 elementor-top-column elementor-element elementor-element-220e993\" data-id=\"220e993\" data-element_type=\"column\" data-e-type=\"column\">\n\t\t\t<div class=\"elementor-widget-wrap elementor-element-populated\">\n\t\t\t\t\t\t<div class=\"elementor-element elementor-element-7ae56f41 elementor-widget elementor-widget-text-editor\" data-id=\"7ae56f41\" data-element_type=\"widget\" data-e-type=\"widget\" data-widget_type=\"text-editor.default\">\n\t\t\t\t<div class=\"elementor-widget-container\">\n\t\t\t\t\t\t\t\t\t<p>Unser Service ist individuell auf Ihre Bed\u00fcrfnisse abgestimmt und bietet Ihnen maximale Flexibilit\u00e4t im Alltag. Sie bestimmen Zeitpunkt und Ziel, wir k\u00fcmmern uns um eine angenehme und sichere Fahrt. Dabei stehen Freundlichkeit und pers\u00f6nlicher Service immer im Mittelpunkt.<\/p><p>Unsere Fahrzeuge sind modern, gepflegt und bieten Ihnen w\u00e4hrend der gesamten Fahrt h\u00f6chsten Komfort. Egal ob kurze oder l\u00e4ngere Strecken \u2013 wir sorgen daf\u00fcr, dass Sie entspannt und ohne Stress unterwegs sind.<\/p><p>Wir legen grossen Wert auf P\u00fcnktlichkeit und Zuverl\u00e4ssigkeit, damit Sie Ihre Termine problemlos einhalten k\u00f6nnen. Jede Fahrt wird sorgf\u00e4ltig geplant und professionell durchgef\u00fchrt.<\/p><p>Mit Mirko Assenov Transport &amp; Transfer entscheiden Sie sich f\u00fcr einen Service, der Ihren Alltag erleichtert und Ihnen jederzeit eine sichere Mobilit\u00e4t bietet. Wir sind f\u00fcr Sie da, wenn Sie uns brauchen.<\/p>\t\t\t\t\t\t\t\t<\/div>\n\t\t\t\t<\/div>\n\t\t\t\t<div class=\"elementor-element elementor-element-331fec12 elementor-widget elementor-widget-jkit_button\" data-id=\"331fec12\" data-element_type=\"widget\" data-e-type=\"widget\" data-widget_type=\"jkit_button.default\">\n\t\t\t\t<div class=\"elementor-widget-container\">\n\t\t\t\t\t<div  class=\"jeg-elementor-kit jkit-button  icon-position-before jeg_module___69ef6ccaf21d2\" ><a href=\"#anfrage-senden\" class=\"jkit-button-wrapper\"><i aria-hidden=\"true\" class=\"jki jki-comment2-light\"><\/i>Anfrage senden<\/a><\/div>\t\t\t\t<\/div>\n\t\t\t\t<\/div>\n\t\t\t\t\t<\/div>\n\t\t<\/div>\n\t\t\t\t<div class=\"elementor-column elementor-col-50 elementor-top-column elementor-element elementor-element-2a0f784\" data-id=\"2a0f784\" data-element_type=\"column\" data-e-type=\"column\">\n\t\t\t<div class=\"elementor-widget-wrap elementor-element-populated\">\n\t\t\t\t\t\t<div class=\"elementor-element elementor-element-7a94859 elementor-widget elementor-widget-theme-post-featured-image elementor-widget-image\" data-id=\"7a94859\" data-element_type=\"widget\" data-e-type=\"widget\" data-widget_type=\"theme-post-featured-image.default\">\n\t\t\t\t<div class=\"elementor-widget-container\">\n\t\t\t\t\t\t\t\t\t\t\t\t\t\t\t<img fetchpriority=\"high\" decoding=\"async\" width=\"1800\" height=\"1200\" src=\"https:\/\/taximirko.ch\/wp-content\/uploads\/2026\/04\/Private-rides.jpg\" class=\"attachment-full size-full wp-image-2197\" alt=\"\" srcset=\"https:\/\/taximirko.ch\/wp-content\/uploads\/2026\/04\/Private-rides.jpg 1800w, https:\/\/taximirko.ch\/wp-content\/uploads\/2026\/04\/Private-rides-300x200.jpg 300w, https:\/\/taximirko.ch\/wp-content\/uploads\/2026\/04\/Private-rides-1024x683.jpg 1024w, https:\/\/taximirko.ch\/wp-content\/uploads\/2026\/04\/Private-rides-768x512.jpg 768w, https:\/\/taximirko.ch\/wp-content\/uploads\/2026\/04\/Private-rides-1536x1024.jpg 1536w\" sizes=\"(max-width: 1800px) 100vw, 1800px\" \/>\t\t\t\t\t\t\t\t\t\t\t\t\t\t\t<\/div>\n\t\t\t\t<\/div>\n\t\t\t\t\t<\/div>\n\t\t<\/div>\n\t\t\t\t\t<\/div>\n\t\t<\/section>\n\t\t\t\t<\/div>\n\t\t","protected":false},"excerpt":{"rendered":"<p>Privatfahrten mit Mirko Assenov Transport &amp; Transfer bieten Ihnen eine flexible und komfortable M\u00f6glichkeit, Ihre t\u00e4glichen Wege stressfrei zu gestalten. Ob Arzttermin, Einkauf, Familienbesuch oder Freizeitaktivit\u00e4t \u2013 wir bringen Sie sicher, bequem und zuverl\u00e4ssig an Ihr gew\u00fcnschtes Ziel. Unser Service ist individuell auf Ihre Bed\u00fcrfnisse abgestimmt und bietet Ihnen maximale Flexibilit\u00e4t im Alltag. Sie bestimmen [&hellip;]<\/p>\n","protected":false},"author":1,"featured_media":2197,"parent":0,"menu_order":0,"comment_status":"closed","ping_status":"closed","template":"elementor_header_footer","meta":{"footnotes":""},"class_list":["post-2256","page","type-page","status-publish","has-post-thumbnail","hentry"],"yoast_head":"<!-- This site is optimized with the Yoast SEO plugin v27.4 - https:\/\/yoast.com\/product\/yoast-seo-wordpress\/ -->\n<title>Privatfahrten | Taxi Mirko Assenov<\/title>\n<meta name=\"description\" content=\"Individuelle Privatfahrten mit Taxi Mirko Assenov \u2013 flexibel, sicher und komfortabel zu Ihrem gew\u00fcnschten Ziel.\" \/>\n<meta name=\"robots\" content=\"index, follow, max-snippet:-1, max-image-preview:large, max-video-preview:-1\" \/>\n<link rel=\"canonical\" href=\"https:\/\/taximirko.ch\/?page_id=2256\" \/>\n<meta property=\"og:locale\" content=\"de_DE\" \/>\n<meta property=\"og:type\" content=\"article\" \/>\n<meta property=\"og:title\" content=\"Privatfahrten | Taxi Mirko Assenov\" \/>\n<meta property=\"og:description\" content=\"Individuelle Privatfahrten mit Taxi Mirko Assenov \u2013 flexibel, sicher und komfortabel zu Ihrem gew\u00fcnschten Ziel.\" \/>\n<meta property=\"og:url\" content=\"https:\/\/taximirko.ch\/?page_id=2256\" \/>\n<meta property=\"og:site_name\" content=\"Taxi Mirko Assenov\" \/>\n<meta property=\"article:modified_time\" content=\"2026-04-26T11:30:58+00:00\" \/>\n<meta property=\"og:image\" content=\"https:\/\/taximirko.ch\/wp-content\/uploads\/2026\/04\/Private-rides.jpg\" \/>\n\t<meta property=\"og:image:width\" content=\"1800\" \/>\n\t<meta property=\"og:image:height\" content=\"1200\" \/>\n\t<meta property=\"og:image:type\" content=\"image\/jpeg\" \/>\n<meta name=\"twitter:card\" content=\"summary_large_image\" \/>\n<meta name=\"twitter:label1\" content=\"Gesch\u00e4tzte Lesezeit\" \/>\n\t<meta name=\"twitter:data1\" content=\"2\u00a0Minuten\" \/>\n<script type=\"application\/ld+json\" class=\"yoast-schema-graph\">{\"@context\":\"https:\\\/\\\/schema.org\",\"@graph\":[{\"@type\":\"WebPage\",\"@id\":\"https:\\\/\\\/taximirko.ch\\\/?page_id=2256\",\"url\":\"https:\\\/\\\/taximirko.ch\\\/?page_id=2256\",\"name\":\"Privatfahrten | Taxi Mirko Assenov\",\"isPartOf\":{\"@id\":\"https:\\\/\\\/taximirko.ch\\\/#website\"},\"primaryImageOfPage\":{\"@id\":\"https:\\\/\\\/taximirko.ch\\\/?page_id=2256#primaryimage\"},\"image\":{\"@id\":\"https:\\\/\\\/taximirko.ch\\\/?page_id=2256#primaryimage\"},\"thumbnailUrl\":\"https:\\\/\\\/taximirko.ch\\\/wp-content\\\/uploads\\\/2026\\\/04\\\/Private-rides.jpg\",\"datePublished\":\"2025-02-08T15:48:59+00:00\",\"dateModified\":\"2026-04-26T11:30:58+00:00\",\"description\":\"Individuelle Privatfahrten mit Taxi Mirko Assenov \u2013 flexibel, sicher und komfortabel zu Ihrem gew\u00fcnschten Ziel.\",\"breadcrumb\":{\"@id\":\"https:\\\/\\\/taximirko.ch\\\/?page_id=2256#breadcrumb\"},\"inLanguage\":\"de\",\"potentialAction\":[{\"@type\":\"ReadAction\",\"target\":[\"https:\\\/\\\/taximirko.ch\\\/?page_id=2256\"]}]},{\"@type\":\"ImageObject\",\"inLanguage\":\"de\",\"@id\":\"https:\\\/\\\/taximirko.ch\\\/?page_id=2256#primaryimage\",\"url\":\"https:\\\/\\\/taximirko.ch\\\/wp-content\\\/uploads\\\/2026\\\/04\\\/Private-rides.jpg\",\"contentUrl\":\"https:\\\/\\\/taximirko.ch\\\/wp-content\\\/uploads\\\/2026\\\/04\\\/Private-rides.jpg\",\"width\":1800,\"height\":1200},{\"@type\":\"BreadcrumbList\",\"@id\":\"https:\\\/\\\/taximirko.ch\\\/?page_id=2256#breadcrumb\",\"itemListElement\":[{\"@type\":\"ListItem\",\"position\":1,\"name\":\"Startseite\",\"item\":\"https:\\\/\\\/taximirko.ch\\\/\"},{\"@type\":\"ListItem\",\"position\":2,\"name\":\"Privatfahrten\"}]},{\"@type\":\"WebSite\",\"@id\":\"https:\\\/\\\/taximirko.ch\\\/#website\",\"url\":\"https:\\\/\\\/taximirko.ch\\\/\",\"name\":\"Taxi Mirko Assenov\",\"description\":\"Zuverl\u00e4ssiger Chauffeur Service\",\"publisher\":{\"@id\":\"https:\\\/\\\/taximirko.ch\\\/#organization\"},\"alternateName\":\"Taxi Mirko Assenov\",\"potentialAction\":[{\"@type\":\"SearchAction\",\"target\":{\"@type\":\"EntryPoint\",\"urlTemplate\":\"https:\\\/\\\/taximirko.ch\\\/?s={search_term_string}\"},\"query-input\":{\"@type\":\"PropertyValueSpecification\",\"valueRequired\":true,\"valueName\":\"search_term_string\"}}],\"inLanguage\":\"de\"},{\"@type\":\"Organization\",\"@id\":\"https:\\\/\\\/taximirko.ch\\\/#organization\",\"name\":\"Taxi Mirko Assenov\",\"url\":\"https:\\\/\\\/taximirko.ch\\\/\",\"logo\":{\"@type\":\"ImageObject\",\"inLanguage\":\"de\",\"@id\":\"https:\\\/\\\/taximirko.ch\\\/#\\\/schema\\\/logo\\\/image\\\/\",\"url\":\"https:\\\/\\\/taximirko.ch\\\/wp-content\\\/uploads\\\/2026\\\/04\\\/Rectangular-logo.png\",\"contentUrl\":\"https:\\\/\\\/taximirko.ch\\\/wp-content\\\/uploads\\\/2026\\\/04\\\/Rectangular-logo.png\",\"width\":1451,\"height\":1501,\"caption\":\"Taxi Mirko Assenov\"},\"image\":{\"@id\":\"https:\\\/\\\/taximirko.ch\\\/#\\\/schema\\\/logo\\\/image\\\/\"}}]}<\/script>\n<!-- \/ Yoast SEO plugin. -->","yoast_head_json":{"title":"Privatfahrten | Taxi Mirko Assenov","description":"Individuelle Privatfahrten mit Taxi Mirko Assenov \u2013 flexibel, sicher und komfortabel zu Ihrem gew\u00fcnschten Ziel.","robots":{"index":"index","follow":"follow","max-snippet":"max-snippet:-1","max-image-preview":"max-image-preview:large","max-video-preview":"max-video-preview:-1"},"canonical":"https:\/\/taximirko.ch\/?page_id=2256","og_locale":"de_DE","og_type":"article","og_title":"Privatfahrten | Taxi Mirko Assenov","og_description":"Individuelle Privatfahrten mit Taxi Mirko Assenov \u2013 flexibel, sicher und komfortabel zu Ihrem gew\u00fcnschten Ziel.","og_url":"https:\/\/taximirko.ch\/?page_id=2256","og_site_name":"Taxi Mirko Assenov","article_modified_time":"2026-04-26T11:30:58+00:00","og_image":[{"width":1800,"height":1200,"url":"https:\/\/taximirko.ch\/wp-content\/uploads\/2026\/04\/Private-rides.jpg","type":"image\/jpeg"}],"twitter_card":"summary_large_image","twitter_misc":{"Gesch\u00e4tzte Lesezeit":"2\u00a0Minuten"},"schema":{"@context":"https:\/\/schema.org","@graph":[{"@type":"WebPage","@id":"https:\/\/taximirko.ch\/?page_id=2256","url":"https:\/\/taximirko.ch\/?page_id=2256","name":"Privatfahrten | Taxi Mirko Assenov","isPartOf":{"@id":"https:\/\/taximirko.ch\/#website"},"primaryImageOfPage":{"@id":"https:\/\/taximirko.ch\/?page_id=2256#primaryimage"},"image":{"@id":"https:\/\/taximirko.ch\/?page_id=2256#primaryimage"},"thumbnailUrl":"https:\/\/taximirko.ch\/wp-content\/uploads\/2026\/04\/Private-rides.jpg","datePublished":"2025-02-08T15:48:59+00:00","dateModified":"2026-04-26T11:30:58+00:00","description":"Individuelle Privatfahrten mit Taxi Mirko Assenov \u2013 flexibel, sicher und komfortabel zu Ihrem gew\u00fcnschten Ziel.","breadcrumb":{"@id":"https:\/\/taximirko.ch\/?page_id=2256#breadcrumb"},"inLanguage":"de","potentialAction":[{"@type":"ReadAction","target":["https:\/\/taximirko.ch\/?page_id=2256"]}]},{"@type":"ImageObject","inLanguage":"de","@id":"https:\/\/taximirko.ch\/?page_id=2256#primaryimage","url":"https:\/\/taximirko.ch\/wp-content\/uploads\/2026\/04\/Private-rides.jpg","contentUrl":"https:\/\/taximirko.ch\/wp-content\/uploads\/2026\/04\/Private-rides.jpg","width":1800,"height":1200},{"@type":"BreadcrumbList","@id":"https:\/\/taximirko.ch\/?page_id=2256#breadcrumb","itemListElement":[{"@type":"ListItem","position":1,"name":"Startseite","item":"https:\/\/taximirko.ch\/"},{"@type":"ListItem","position":2,"name":"Privatfahrten"}]},{"@type":"WebSite","@id":"https:\/\/taximirko.ch\/#website","url":"https:\/\/taximirko.ch\/","name":"Taxi Mirko Assenov","description":"Zuverl\u00e4ssiger Chauffeur Service","publisher":{"@id":"https:\/\/taximirko.ch\/#organization"},"alternateName":"Taxi Mirko Assenov","potentialAction":[{"@type":"SearchAction","target":{"@type":"EntryPoint","urlTemplate":"https:\/\/taximirko.ch\/?s={search_term_string}"},"query-input":{"@type":"PropertyValueSpecification","valueRequired":true,"valueName":"search_term_string"}}],"inLanguage":"de"},{"@type":"Organization","@id":"https:\/\/taximirko.ch\/#organization","name":"Taxi Mirko Assenov","url":"https:\/\/taximirko.ch\/","logo":{"@type":"ImageObject","inLanguage":"de","@id":"https:\/\/taximirko.ch\/#\/schema\/logo\/image\/","url":"https:\/\/taximirko.ch\/wp-content\/uploads\/2026\/04\/Rectangular-logo.png","contentUrl":"https:\/\/taximirko.ch\/wp-content\/uploads\/2026\/04\/Rectangular-logo.png","width":1451,"height":1501,"caption":"Taxi Mirko Assenov"},"image":{"@id":"https:\/\/taximirko.ch\/#\/schema\/logo\/image\/"}}]}},"_links":{"self":[{"href":"https:\/\/taximirko.ch\/index.php?rest_route=\/wp\/v2\/pages\/2256","targetHints":{"allow":["GET"]}}],"collection":[{"href":"https:\/\/taximirko.ch\/index.php?rest_route=\/wp\/v2\/pages"}],"about":[{"href":"https:\/\/taximirko.ch\/index.php?rest_route=\/wp\/v2\/types\/page"}],"author":[{"embeddable":true,"href":"https:\/\/taximirko.ch\/index.php?rest_route=\/wp\/v2\/users\/1"}],"replies":[{"embeddable":true,"href":"https:\/\/taximirko.ch\/index.php?rest_route=%2Fwp%2Fv2%2Fcomments&post=2256"}],"version-history":[{"count":0,"href":"https:\/\/taximirko.ch\/index.php?rest_route=\/wp\/v2\/pages\/2256\/revisions"}],"wp:featuredmedia":[{"embeddable":true,"href":"https:\/\/taximirko.ch\/index.php?rest_route=\/wp\/v2\/media\/2197"}],"wp:attachment":[{"href":"https:\/\/taximirko.ch\/index.php?rest_route=%2Fwp%2Fv2%2Fmedia&parent=2256"}],"curies":[{"name":"wp","href":"https:\/\/api.w.org\/{rel}","templated":true}]}}