{"id":2243,"date":"2025-02-08T15:48:59","date_gmt":"2025-02-08T15:48:59","guid":{"rendered":"https:\/\/taximirko.ch\/?page_id=2243"},"modified":"2026-04-26T11:29:19","modified_gmt":"2026-04-26T11:29:19","slug":"vip-occasionsfahrten","status":"publish","type":"page","link":"https:\/\/taximirko.ch\/?page_id=2243","title":{"rendered":"VIP- &amp; Occasionsfahrten"},"content":{"rendered":"\t\t<div data-elementor-type=\"wp-page\" data-elementor-id=\"2243\" class=\"elementor elementor-2243\" data-elementor-post-type=\"page\">\n\t\t\t\t\t\t<section class=\"elementor-section elementor-top-section elementor-element elementor-element-53dde02f elementor-section-boxed elementor-section-height-default elementor-section-height-default\" data-id=\"53dde02f\" data-element_type=\"section\" data-e-type=\"section\" id=\"Ueber-uns\" data-settings=\"{&quot;background_background&quot;:&quot;classic&quot;}\">\n\t\t\t\t\t\t<div class=\"elementor-container elementor-column-gap-no\">\n\t\t\t\t\t<div class=\"elementor-column elementor-col-100 elementor-top-column elementor-element elementor-element-2fe67a1d\" data-id=\"2fe67a1d\" data-element_type=\"column\" data-e-type=\"column\">\n\t\t\t<div class=\"elementor-widget-wrap elementor-element-populated\">\n\t\t\t\t\t\t<div class=\"elementor-element elementor-element-28c79fdc elementor-widget elementor-widget-text-editor\" data-id=\"28c79fdc\" data-element_type=\"widget\" data-e-type=\"widget\" data-widget_type=\"text-editor.default\">\n\t\t\t\t<div class=\"elementor-widget-container\">\n\t\t\t\t\t\t\t\t\t<p>VIP- &amp; Occasionsfahrten mit Mirko Assenov Transport &amp; Transfer stehen f\u00fcr eine exklusive, stilvolle und komfortable Art zu reisen. Ob Hochzeiten, Events, Firmenfeiern oder besondere private Anl\u00e4sse \u2013 wir sorgen daf\u00fcr, dass Sie elegant, sicher und entspannt an Ihrem Ziel ankommen. Unser Anspruch ist es, jede Fahrt perfekt auf den Anlass abzustimmen und Ihnen ein erstklassiges Fahrerlebnis zu bieten, bei dem Komfort und Service im Mittelpunkt stehen.<\/p>\t\t\t\t\t\t\t\t<\/div>\n\t\t\t\t<\/div>\n\t\t\t\t\t<\/div>\n\t\t<\/div>\n\t\t\t\t\t<\/div>\n\t\t<\/section>\n\t\t\t\t<section class=\"elementor-section elementor-top-section elementor-element elementor-element-5886d853 elementor-section-content-middle elementor-reverse-tablet elementor-reverse-mobile elementor-section-boxed elementor-section-height-default elementor-section-height-default\" data-id=\"5886d853\" data-element_type=\"section\" data-e-type=\"section\" data-settings=\"{&quot;background_background&quot;:&quot;gradient&quot;}\">\n\t\t\t\t\t\t<div class=\"elementor-container elementor-column-gap-no\">\n\t\t\t\t\t<div class=\"elementor-column elementor-col-50 elementor-top-column elementor-element elementor-element-220e993\" data-id=\"220e993\" data-element_type=\"column\" data-e-type=\"column\">\n\t\t\t<div class=\"elementor-widget-wrap elementor-element-populated\">\n\t\t\t\t\t\t<div class=\"elementor-element elementor-element-7ae56f41 elementor-widget elementor-widget-text-editor\" data-id=\"7ae56f41\" data-element_type=\"widget\" data-e-type=\"widget\" data-widget_type=\"text-editor.default\">\n\t\t\t\t<div class=\"elementor-widget-container\">\n\t\t\t\t\t\t\t\t\t<p data-start=\"699\" data-end=\"1055\">Wir setzen auf h\u00f6chste Qualit\u00e4t, Diskretion und einen pers\u00f6nlichen Service, der individuell auf Ihre W\u00fcnsche abgestimmt ist. Unsere erfahrenen Chauffeure sorgen daf\u00fcr, dass Sie jederzeit professionell betreut werden und sich um nichts k\u00fcmmern m\u00fcssen. Dabei achten wir auf einen reibungslosen Ablauf und eine angenehme Atmosph\u00e4re w\u00e4hrend der gesamten Fahrt.<\/p><p data-start=\"1057\" data-end=\"1344\">Egal ob festliche Abholung, Eventtransfer oder besondere Einzelbuchung \u2013 wir planen jede Fahrt sorgf\u00e4ltig und flexibel nach Ihren Bed\u00fcrfnissen. Unsere Fahrzeuge sind modern, komfortabel und bieten Ihnen ein luxuri\u00f6ses Fahrerlebnis. So beginnt Ihr besonderer Anlass bereits mit der Fahrt.<\/p><p data-start=\"1346\" data-end=\"1623\">P\u00fcnktlichkeit und Zuverl\u00e4ssigkeit sind f\u00fcr uns selbstverst\u00e4ndlich, damit Ihr Event ohne Stress beginnt. Sie k\u00f6nnen sich darauf verlassen, dass wir Sie rechtzeitig und sicher an Ihr Ziel bringen. Unser Ziel ist es, Ihre Erwartungen nicht nur zu erf\u00fcllen, sondern zu \u00fcbertreffen.<\/p><p data-start=\"1625\" data-end=\"1824\">Mit Mirko Assenov Transport &amp; Transfer entscheiden Sie sich f\u00fcr einen Service, der Eleganz, Qualit\u00e4t und Vertrauen vereint. Wir freuen uns darauf, Sie bei Ihrem besonderen Anlass begleiten zu d\u00fcrfen.<\/p>\t\t\t\t\t\t\t\t<\/div>\n\t\t\t\t<\/div>\n\t\t\t\t<div class=\"elementor-element elementor-element-331fec12 elementor-widget elementor-widget-jkit_button\" data-id=\"331fec12\" data-element_type=\"widget\" data-e-type=\"widget\" data-widget_type=\"jkit_button.default\">\n\t\t\t\t<div class=\"elementor-widget-container\">\n\t\t\t\t\t<div  class=\"jeg-elementor-kit jkit-button  icon-position-before jeg_module___69ef6cec5dfe9\" ><a href=\"#anfrage-senden\" class=\"jkit-button-wrapper\"><i aria-hidden=\"true\" class=\"jki jki-comment2-light\"><\/i>Anfrage senden<\/a><\/div>\t\t\t\t<\/div>\n\t\t\t\t<\/div>\n\t\t\t\t\t<\/div>\n\t\t<\/div>\n\t\t\t\t<div class=\"elementor-column elementor-col-50 elementor-top-column elementor-element elementor-element-2a0f784\" data-id=\"2a0f784\" data-element_type=\"column\" data-e-type=\"column\">\n\t\t\t<div class=\"elementor-widget-wrap elementor-element-populated\">\n\t\t\t\t\t\t<div class=\"elementor-element elementor-element-7a94859 elementor-widget elementor-widget-theme-post-featured-image elementor-widget-image\" data-id=\"7a94859\" data-element_type=\"widget\" data-e-type=\"widget\" data-widget_type=\"theme-post-featured-image.default\">\n\t\t\t\t<div class=\"elementor-widget-container\">\n\t\t\t\t\t\t\t\t\t\t\t\t\t\t\t<img decoding=\"async\" src=\"https:\/\/taximirko.ch\/wp-content\/uploads\/elementor\/thumbs\/VIP-used-car-rides-rmkmvlm3f79l6odzvflvc45qkkp76p6lker54iclds.jpg\" title=\"VIP &#038; used car rides\" alt=\"VIP &amp; used car rides\" loading=\"lazy\" \/>\t\t\t\t\t\t\t\t\t\t\t\t\t\t\t<\/div>\n\t\t\t\t<\/div>\n\t\t\t\t\t<\/div>\n\t\t<\/div>\n\t\t\t\t\t<\/div>\n\t\t<\/section>\n\t\t\t\t<\/div>\n\t\t","protected":false},"excerpt":{"rendered":"<p>VIP- &amp; Occasionsfahrten mit Mirko Assenov Transport &amp; Transfer stehen f\u00fcr eine exklusive, stilvolle und komfortable Art zu reisen. Ob Hochzeiten, Events, Firmenfeiern oder besondere private Anl\u00e4sse \u2013 wir sorgen daf\u00fcr, dass Sie elegant, sicher und entspannt an Ihrem Ziel ankommen. Unser Anspruch ist es, jede Fahrt perfekt auf den Anlass abzustimmen und Ihnen ein [&hellip;]<\/p>\n","protected":false},"author":1,"featured_media":2188,"parent":0,"menu_order":0,"comment_status":"closed","ping_status":"closed","template":"elementor_header_footer","meta":{"footnotes":""},"class_list":["post-2243","page","type-page","status-publish","has-post-thumbnail","hentry"],"yoast_head":"<!-- This site is optimized with the Yoast SEO plugin v27.4 - https:\/\/yoast.com\/product\/yoast-seo-wordpress\/ -->\n<title>VIP- &amp; Occasionsfahrten | Taxi Mirko Assenov<\/title>\n<meta name=\"description\" content=\"Stilvolle VIP- &amp; Occasionsfahrten mit Taxi Mirko Assenov \u2013 luxuri\u00f6s, komfortabel und perfekt f\u00fcr besondere Anl\u00e4sse.\" \/>\n<meta name=\"robots\" content=\"index, follow, max-snippet:-1, max-image-preview:large, max-video-preview:-1\" \/>\n<link rel=\"canonical\" href=\"https:\/\/taximirko.ch\/?page_id=2243\" \/>\n<meta property=\"og:locale\" content=\"de_DE\" \/>\n<meta property=\"og:type\" content=\"article\" \/>\n<meta property=\"og:title\" content=\"VIP- &amp; Occasionsfahrten | Taxi Mirko Assenov\" \/>\n<meta property=\"og:description\" content=\"Stilvolle VIP- &amp; Occasionsfahrten mit Taxi Mirko Assenov \u2013 luxuri\u00f6s, komfortabel und perfekt f\u00fcr besondere Anl\u00e4sse.\" \/>\n<meta property=\"og:url\" content=\"https:\/\/taximirko.ch\/?page_id=2243\" \/>\n<meta property=\"og:site_name\" content=\"Taxi Mirko Assenov\" \/>\n<meta property=\"article:modified_time\" content=\"2026-04-26T11:29:19+00:00\" \/>\n<meta property=\"og:image\" content=\"https:\/\/taximirko.ch\/wp-content\/uploads\/2026\/04\/VIP-used-car-rides.jpg\" \/>\n\t<meta property=\"og:image:width\" content=\"1800\" \/>\n\t<meta property=\"og:image:height\" content=\"1200\" \/>\n\t<meta property=\"og:image:type\" content=\"image\/jpeg\" \/>\n<meta name=\"twitter:card\" content=\"summary_large_image\" \/>\n<meta name=\"twitter:label1\" content=\"Gesch\u00e4tzte Lesezeit\" \/>\n\t<meta name=\"twitter:data1\" content=\"2\u00a0Minuten\" \/>\n<script type=\"application\/ld+json\" class=\"yoast-schema-graph\">{\"@context\":\"https:\\\/\\\/schema.org\",\"@graph\":[{\"@type\":\"WebPage\",\"@id\":\"https:\\\/\\\/taximirko.ch\\\/?page_id=2243\",\"url\":\"https:\\\/\\\/taximirko.ch\\\/?page_id=2243\",\"name\":\"VIP- &amp; Occasionsfahrten | Taxi Mirko Assenov\",\"isPartOf\":{\"@id\":\"https:\\\/\\\/taximirko.ch\\\/#website\"},\"primaryImageOfPage\":{\"@id\":\"https:\\\/\\\/taximirko.ch\\\/?page_id=2243#primaryimage\"},\"image\":{\"@id\":\"https:\\\/\\\/taximirko.ch\\\/?page_id=2243#primaryimage\"},\"thumbnailUrl\":\"https:\\\/\\\/taximirko.ch\\\/wp-content\\\/uploads\\\/2026\\\/04\\\/VIP-used-car-rides.jpg\",\"datePublished\":\"2025-02-08T15:48:59+00:00\",\"dateModified\":\"2026-04-26T11:29:19+00:00\",\"description\":\"Stilvolle VIP- & Occasionsfahrten mit Taxi Mirko Assenov \u2013 luxuri\u00f6s, komfortabel und perfekt f\u00fcr besondere Anl\u00e4sse.\",\"breadcrumb\":{\"@id\":\"https:\\\/\\\/taximirko.ch\\\/?page_id=2243#breadcrumb\"},\"inLanguage\":\"de\",\"potentialAction\":[{\"@type\":\"ReadAction\",\"target\":[\"https:\\\/\\\/taximirko.ch\\\/?page_id=2243\"]}]},{\"@type\":\"ImageObject\",\"inLanguage\":\"de\",\"@id\":\"https:\\\/\\\/taximirko.ch\\\/?page_id=2243#primaryimage\",\"url\":\"https:\\\/\\\/taximirko.ch\\\/wp-content\\\/uploads\\\/2026\\\/04\\\/VIP-used-car-rides.jpg\",\"contentUrl\":\"https:\\\/\\\/taximirko.ch\\\/wp-content\\\/uploads\\\/2026\\\/04\\\/VIP-used-car-rides.jpg\",\"width\":1800,\"height\":1200},{\"@type\":\"BreadcrumbList\",\"@id\":\"https:\\\/\\\/taximirko.ch\\\/?page_id=2243#breadcrumb\",\"itemListElement\":[{\"@type\":\"ListItem\",\"position\":1,\"name\":\"Startseite\",\"item\":\"https:\\\/\\\/taximirko.ch\\\/\"},{\"@type\":\"ListItem\",\"position\":2,\"name\":\"VIP- &amp; Occasionsfahrten\"}]},{\"@type\":\"WebSite\",\"@id\":\"https:\\\/\\\/taximirko.ch\\\/#website\",\"url\":\"https:\\\/\\\/taximirko.ch\\\/\",\"name\":\"Taxi Mirko Assenov\",\"description\":\"Zuverl\u00e4ssiger Chauffeur Service\",\"publisher\":{\"@id\":\"https:\\\/\\\/taximirko.ch\\\/#organization\"},\"alternateName\":\"Taxi Mirko Assenov\",\"potentialAction\":[{\"@type\":\"SearchAction\",\"target\":{\"@type\":\"EntryPoint\",\"urlTemplate\":\"https:\\\/\\\/taximirko.ch\\\/?s={search_term_string}\"},\"query-input\":{\"@type\":\"PropertyValueSpecification\",\"valueRequired\":true,\"valueName\":\"search_term_string\"}}],\"inLanguage\":\"de\"},{\"@type\":\"Organization\",\"@id\":\"https:\\\/\\\/taximirko.ch\\\/#organization\",\"name\":\"Taxi Mirko Assenov\",\"url\":\"https:\\\/\\\/taximirko.ch\\\/\",\"logo\":{\"@type\":\"ImageObject\",\"inLanguage\":\"de\",\"@id\":\"https:\\\/\\\/taximirko.ch\\\/#\\\/schema\\\/logo\\\/image\\\/\",\"url\":\"https:\\\/\\\/taximirko.ch\\\/wp-content\\\/uploads\\\/2026\\\/04\\\/Rectangular-logo.png\",\"contentUrl\":\"https:\\\/\\\/taximirko.ch\\\/wp-content\\\/uploads\\\/2026\\\/04\\\/Rectangular-logo.png\",\"width\":1451,\"height\":1501,\"caption\":\"Taxi Mirko Assenov\"},\"image\":{\"@id\":\"https:\\\/\\\/taximirko.ch\\\/#\\\/schema\\\/logo\\\/image\\\/\"}}]}<\/script>\n<!-- \/ Yoast SEO plugin. -->","yoast_head_json":{"title":"VIP- &amp; Occasionsfahrten | Taxi Mirko Assenov","description":"Stilvolle VIP- & Occasionsfahrten mit Taxi Mirko Assenov \u2013 luxuri\u00f6s, komfortabel und perfekt f\u00fcr besondere Anl\u00e4sse.","robots":{"index":"index","follow":"follow","max-snippet":"max-snippet:-1","max-image-preview":"max-image-preview:large","max-video-preview":"max-video-preview:-1"},"canonical":"https:\/\/taximirko.ch\/?page_id=2243","og_locale":"de_DE","og_type":"article","og_title":"VIP- &amp; Occasionsfahrten | Taxi Mirko Assenov","og_description":"Stilvolle VIP- & Occasionsfahrten mit Taxi Mirko Assenov \u2013 luxuri\u00f6s, komfortabel und perfekt f\u00fcr besondere Anl\u00e4sse.","og_url":"https:\/\/taximirko.ch\/?page_id=2243","og_site_name":"Taxi Mirko Assenov","article_modified_time":"2026-04-26T11:29:19+00:00","og_image":[{"width":1800,"height":1200,"url":"https:\/\/taximirko.ch\/wp-content\/uploads\/2026\/04\/VIP-used-car-rides.jpg","type":"image\/jpeg"}],"twitter_card":"summary_large_image","twitter_misc":{"Gesch\u00e4tzte Lesezeit":"2\u00a0Minuten"},"schema":{"@context":"https:\/\/schema.org","@graph":[{"@type":"WebPage","@id":"https:\/\/taximirko.ch\/?page_id=2243","url":"https:\/\/taximirko.ch\/?page_id=2243","name":"VIP- &amp; Occasionsfahrten | Taxi Mirko Assenov","isPartOf":{"@id":"https:\/\/taximirko.ch\/#website"},"primaryImageOfPage":{"@id":"https:\/\/taximirko.ch\/?page_id=2243#primaryimage"},"image":{"@id":"https:\/\/taximirko.ch\/?page_id=2243#primaryimage"},"thumbnailUrl":"https:\/\/taximirko.ch\/wp-content\/uploads\/2026\/04\/VIP-used-car-rides.jpg","datePublished":"2025-02-08T15:48:59+00:00","dateModified":"2026-04-26T11:29:19+00:00","description":"Stilvolle VIP- & Occasionsfahrten mit Taxi Mirko Assenov \u2013 luxuri\u00f6s, komfortabel und perfekt f\u00fcr besondere Anl\u00e4sse.","breadcrumb":{"@id":"https:\/\/taximirko.ch\/?page_id=2243#breadcrumb"},"inLanguage":"de","potentialAction":[{"@type":"ReadAction","target":["https:\/\/taximirko.ch\/?page_id=2243"]}]},{"@type":"ImageObject","inLanguage":"de","@id":"https:\/\/taximirko.ch\/?page_id=2243#primaryimage","url":"https:\/\/taximirko.ch\/wp-content\/uploads\/2026\/04\/VIP-used-car-rides.jpg","contentUrl":"https:\/\/taximirko.ch\/wp-content\/uploads\/2026\/04\/VIP-used-car-rides.jpg","width":1800,"height":1200},{"@type":"BreadcrumbList","@id":"https:\/\/taximirko.ch\/?page_id=2243#breadcrumb","itemListElement":[{"@type":"ListItem","position":1,"name":"Startseite","item":"https:\/\/taximirko.ch\/"},{"@type":"ListItem","position":2,"name":"VIP- &amp; Occasionsfahrten"}]},{"@type":"WebSite","@id":"https:\/\/taximirko.ch\/#website","url":"https:\/\/taximirko.ch\/","name":"Taxi Mirko Assenov","description":"Zuverl\u00e4ssiger Chauffeur Service","publisher":{"@id":"https:\/\/taximirko.ch\/#organization"},"alternateName":"Taxi Mirko Assenov","potentialAction":[{"@type":"SearchAction","target":{"@type":"EntryPoint","urlTemplate":"https:\/\/taximirko.ch\/?s={search_term_string}"},"query-input":{"@type":"PropertyValueSpecification","valueRequired":true,"valueName":"search_term_string"}}],"inLanguage":"de"},{"@type":"Organization","@id":"https:\/\/taximirko.ch\/#organization","name":"Taxi Mirko Assenov","url":"https:\/\/taximirko.ch\/","logo":{"@type":"ImageObject","inLanguage":"de","@id":"https:\/\/taximirko.ch\/#\/schema\/logo\/image\/","url":"https:\/\/taximirko.ch\/wp-content\/uploads\/2026\/04\/Rectangular-logo.png","contentUrl":"https:\/\/taximirko.ch\/wp-content\/uploads\/2026\/04\/Rectangular-logo.png","width":1451,"height":1501,"caption":"Taxi Mirko Assenov"},"image":{"@id":"https:\/\/taximirko.ch\/#\/schema\/logo\/image\/"}}]}},"_links":{"self":[{"href":"https:\/\/taximirko.ch\/index.php?rest_route=\/wp\/v2\/pages\/2243","targetHints":{"allow":["GET"]}}],"collection":[{"href":"https:\/\/taximirko.ch\/index.php?rest_route=\/wp\/v2\/pages"}],"about":[{"href":"https:\/\/taximirko.ch\/index.php?rest_route=\/wp\/v2\/types\/page"}],"author":[{"embeddable":true,"href":"https:\/\/taximirko.ch\/index.php?rest_route=\/wp\/v2\/users\/1"}],"replies":[{"embeddable":true,"href":"https:\/\/taximirko.ch\/index.php?rest_route=%2Fwp%2Fv2%2Fcomments&post=2243"}],"version-history":[{"count":0,"href":"https:\/\/taximirko.ch\/index.php?rest_route=\/wp\/v2\/pages\/2243\/revisions"}],"wp:featuredmedia":[{"embeddable":true,"href":"https:\/\/taximirko.ch\/index.php?rest_route=\/wp\/v2\/media\/2188"}],"wp:attachment":[{"href":"https:\/\/taximirko.ch\/index.php?rest_route=%2Fwp%2Fv2%2Fmedia&parent=2243"}],"curies":[{"name":"wp","href":"https:\/\/api.w.org\/{rel}","templated":true}]}}